{"id":1063,"date":"2022-10-12T09:48:04","date_gmt":"2022-10-12T13:48:04","guid":{"rendered":"https:\/\/www.odq.qc.ca\/?page_id=1063"},"modified":"2023-02-22T10:07:57","modified_gmt":"2023-02-22T14:07:57","slug":"foire-aux-questions-loi-15","status":"publish","type":"page","link":"https:\/\/www.odq.qc.ca\/en\/dentiste\/pratique-professionnelle\/lignes-directrices-et-guides\/champs-de-pratique-et-activites-reservees\/foire-aux-questions-loi-15\/","title":{"rendered":"Foire aux questions &#8211; Loi 15"},"content":{"rendered":"\n<p class=\"has-large-font-size\">Cette FAQ est \u00e9volutive et sera bonifi\u00e9e au fur et \u00e0 mesure que nous recevrons des questions auxquelles nous pouvons r\u00e9pondre. Bien qu&#8217;elle soit mise \u00e0 jour en continu, il est possible qu\u2019elle ne r\u00e9ponde pas \u00e0 certaines de vos questions. Des guides explicatifs seront disponibles plus tard pour apporter plus de pr\u00e9cision sur les dispositions l\u00e9gales.<br><br>Dans l&#8217;intervalle, nous vous invitons \u00e0 soumettre vos questions \u00e0 l&#8217;adresse&nbsp;<a href=\"mailto:nouvelleloi@odq.qc.ca\">nouvelleloi@odq.qc.ca<\/a>&nbsp;pour que nous en tenions compte lors d&#8217;une prochaine mise \u00e0 jour.<\/p>\n","protected":false},"excerpt":{"rendered":"<p>Cette FAQ est \u00e9volutive et sera bonifi\u00e9e au fur et \u00e0 mesure que nous recevrons des questions auxquelles nous pouvons r\u00e9pondre. Bien qu&#8217;elle soit mise \u00e0 jour en continu, il est possible qu\u2019elle ne r\u00e9ponde pas \u00e0 certaines de vos questions. Des guides explicatifs seront disponibles plus tard pour apporter plus de pr\u00e9cision sur les&hellip;<\/p>\n","protected":false},"author":4,"featured_media":0,"parent":287,"menu_order":0,"comment_status":"closed","ping_status":"closed","template":"template-faq.php","meta":{"_acf_changed":false,"_relevanssi_hide_post":"","_relevanssi_hide_content":"","_relevanssi_pin_for_all":"","_relevanssi_pin_keywords":"","_relevanssi_unpin_keywords":"","_relevanssi_related_keywords":"","_relevanssi_related_include_ids":"","_relevanssi_related_exclude_ids":"","_relevanssi_related_no_append":"","_relevanssi_related_not_related":"","_relevanssi_related_posts":"398,287,293,244,347,381","_relevanssi_noindex_reason":"","sync_status":"","episode_type":"","audio_file":"","podmotor_file_id":"","podmotor_episode_id":"","castos_file_data":"","cover_image":"","cover_image_id":"","duration":"","filesize":"","filesize_raw":"","date_recorded":"","explicit":"","block":"","wpo365_audiences":[],"wpo365_private":false,"footnotes":""},"class_list":["post-1063","page","type-page","status-publish","hentry"],"acf":[],"_links":{"self":[{"href":"https:\/\/www.odq.qc.ca\/en\/wp-json\/wp\/v2\/pages\/1063","targetHints":{"allow":["GET"]}}],"collection":[{"href":"https:\/\/www.odq.qc.ca\/en\/wp-json\/wp\/v2\/pages"}],"about":[{"href":"https:\/\/www.odq.qc.ca\/en\/wp-json\/wp\/v2\/types\/page"}],"author":[{"embeddable":true,"href":"https:\/\/www.odq.qc.ca\/en\/wp-json\/wp\/v2\/users\/4"}],"replies":[{"embeddable":true,"href":"https:\/\/www.odq.qc.ca\/en\/wp-json\/wp\/v2\/comments?post=1063"}],"version-history":[{"count":9,"href":"https:\/\/www.odq.qc.ca\/en\/wp-json\/wp\/v2\/pages\/1063\/revisions"}],"predecessor-version":[{"id":3610,"href":"https:\/\/www.odq.qc.ca\/en\/wp-json\/wp\/v2\/pages\/1063\/revisions\/3610"}],"up":[{"embeddable":true,"href":"https:\/\/www.odq.qc.ca\/en\/wp-json\/wp\/v2\/pages\/287"}],"wp:attachment":[{"href":"https:\/\/www.odq.qc.ca\/en\/wp-json\/wp\/v2\/media?parent=1063"}],"curies":[{"name":"wp","href":"https:\/\/api.w.org\/{rel}","templated":true}]}}