{"id":11428,"date":"2025-10-01T09:37:46","date_gmt":"2025-10-01T13:37:46","guid":{"rendered":"https:\/\/www.odq.qc.ca\/?page_id=11428"},"modified":"2026-04-09T09:33:28","modified_gmt":"2026-04-09T13:33:28","slug":"lodq-dans-les-medias","status":"publish","type":"page","link":"https:\/\/www.odq.qc.ca\/en\/documentation\/publications\/lodq-dans-les-medias\/","title":{"rendered":"L&#8217;ODQ dans les m\u00e9dias"},"content":{"rendered":"\n<h4 class=\"wp-block-heading\">2026<\/h4>\n\n\n\n\n  <section id=block_3077dd906209228c633617d1b3bdc716 class=\"documents-block theme-block aligndefault\">\n          <a href=\"https:\/\/www.protegez-vous.ca\/partenaires\/ordre-des-dentistes-du-quebec\/mieux-communiquer-mieux-soigner-favorisons-le-dialogue-patient-dentiste\" target=\"_blank\" aria-label=\"Consult the document Mieux communiquer, mieux soigner: favorisons le dialogue patient-dentiste. The document will open in a new tab\" class=\"document-item\" rel=\"noopener\">\n        <div class=\"document-item__infos\">\n          <p class=\"document-item__title\">\n                          Mieux communiquer, mieux soigner: favorisons le dialogue patient-dentiste                      <\/p>\n                 \n        <\/div>  \n        <span class=\"document-item__date\">\n                      2 avril 2026                  <\/span>\n    \n                  <div class=\"document-item__button btn btn--outline\"><span><i class=\"icon icon-download\" aria-hidden=\"true\"><\/i>Consult<\/span><\/div>\n               \n      <\/a>\n          <a href=\"https:\/\/ici.radio-canada.ca\/ohdio\/premiere\/emissions\/penelope\/segments\/rattrapage\/2319225\/dre-liliane-malczewski-mythe-ou-realite-sur-sante-buccodentaire\" target=\"_blank\" aria-label=\"Consult the document Dre Liliane Malczewski : \u00ab mythe ou r\u00e9alit\u00e9 \u00bb sur la sant\u00e9 buccodentaire. The document will open in a new tab\" class=\"document-item\" rel=\"noopener\">\n        <div class=\"document-item__infos\">\n          <p class=\"document-item__title\">\n                          Dre Liliane Malczewski : \u00ab mythe ou r\u00e9alit\u00e9 \u00bb sur la sant\u00e9 buccodentaire                      <\/p>\n                 \n        <\/div>  \n        <span class=\"document-item__date\">\n                      11 mars 2026                  <\/span>\n    \n                  <div class=\"document-item__button btn btn--outline\"><span><i class=\"icon icon-download\" aria-hidden=\"true\"><\/i>Consult<\/span><\/div>\n               \n      <\/a>\n          <a href=\"https:\/\/ici.radio-canada.ca\/ohdio\/premiere\/emissions\/penelope\/segments\/rattrapage\/2319228\/trio-sante-avec-denis-fortier-dre-chantal-vallee-et-dre-liliane-malczewski\" target=\"_blank\" aria-label=\"Consult the document Trio sant\u00e9 avec Denis Fortier, la Dre Chantal Vall\u00e9e et Dre Liliane Malczewski. The document will open in a new tab\" class=\"document-item\" rel=\"noopener\">\n        <div class=\"document-item__infos\">\n          <p class=\"document-item__title\">\n                          Trio sant\u00e9 avec Denis Fortier, la Dre Chantal Vall\u00e9e et Dre Liliane Malczewski                      <\/p>\n                 \n        <\/div>  \n        <span class=\"document-item__date\">\n                      11 mars 2026                  <\/span>\n    \n                  <div class=\"document-item__button btn btn--outline\"><span><i class=\"icon icon-download\" aria-hidden=\"true\"><\/i>Consult<\/span><\/div>\n               \n      <\/a>\n          <a href=\"https:\/\/lactualite.com\/de-notre-partenaire\/accroitre-la-protection-du-public-grace-a-une-approche-preventive\/\" target=\"_blank\" aria-label=\"Consult the document Accro\u00eetre la protection du public gr\u00e2ce \u00e0 une approche pr\u00e9ventive. The document will open in a new tab\" class=\"document-item\" rel=\"noopener\">\n        <div class=\"document-item__infos\">\n          <p class=\"document-item__title\">\n                          Accro\u00eetre la protection du public gr\u00e2ce \u00e0 une approche pr\u00e9ventive                      <\/p>\n                 \n        <\/div>  \n        <span class=\"document-item__date\">\n                      9 f\u00e9vrier 2026                  <\/span>\n    \n                  <div class=\"document-item__button btn btn--outline\"><span><i class=\"icon icon-download\" aria-hidden=\"true\"><\/i>Consult<\/span><\/div>\n               \n      <\/a>\n      <\/section>\n\n\n\n<h4 class=\"wp-block-heading\">2025<\/h4>\n\n\n\n\n  <section id=block_84ecfdf47be3e0a4d1971443dde76429 class=\"documents-block theme-block aligndefault\">\n          <a href=\"https:\/\/ici.radio-canada.ca\/ohdio\/premiere\/emissions\/penelope\/segments\/rattrapage\/2235466\/dre-liliane-malczewski-influence-sur-notre-sante-buccodentaire\" target=\"_blank\" aria-label=\"Consult the document La Dre Liliane Malczewski: L\u2019influence (n\u00e9faste) des r\u00e9seaux sociaux sur notre sant\u00e9 buccodentaire. The document will open in a new tab\" class=\"document-item\" rel=\"noopener\">\n        <div class=\"document-item__infos\">\n          <p class=\"document-item__title\">\n                          La Dre Liliane Malczewski: L\u2019influence (n\u00e9faste) des r\u00e9seaux sociaux sur notre sant\u00e9 buccodentaire                      <\/p>\n                 \n        <\/div>  \n        <span class=\"document-item__date\">\n                      25 novembre 2025                  <\/span>\n    \n                  <div class=\"document-item__button btn btn--outline\"><span><i class=\"icon icon-download\" aria-hidden=\"true\"><\/i>Consult<\/span><\/div>\n               \n      <\/a>\n          <a href=\"https:\/\/ici.radio-canada.ca\/ohdio\/premiere\/emissions\/penelope\/segments\/rattrapage\/2235468\/trio-sante-dre-chantal-vallee-dre-liliane-malczewski-et-sonia-lupien\" target=\"_blank\" aria-label=\"Consult the document Trio sant\u00e9: Dre Chantal Vall\u00e9e, Dre Liliane Malczewski et Sonia Lupien. The document will open in a new tab\" class=\"document-item\" rel=\"noopener\">\n        <div class=\"document-item__infos\">\n          <p class=\"document-item__title\">\n                          Trio sant\u00e9: Dre Chantal Vall\u00e9e, Dre Liliane Malczewski et Sonia Lupien                      <\/p>\n                 \n        <\/div>  \n        <span class=\"document-item__date\">\n                      25 novembre 2025                  <\/span>\n    \n                  <div class=\"document-item__button btn btn--outline\"><span><i class=\"icon icon-download\" aria-hidden=\"true\"><\/i>Consult<\/span><\/div>\n               \n      <\/a>\n          <a href=\"https:\/\/www.tvanouvelles.ca\/2025\/10\/04\/dents-caries-et-botox--le-nouveau-forfait-offert-par-les-dentistes-du-quebec\" target=\"_blank\" aria-label=\"Consult the document Dents, caries et Botox: le nouveau forfait offert par les dentistes du Qu\u00e9bec  | TVA Nouvelles. The document will open in a new tab\" class=\"document-item\" rel=\"noopener\">\n        <div class=\"document-item__infos\">\n          <p class=\"document-item__title\">\n                          Dents, caries et Botox: le nouveau forfait offert par les dentistes du Qu\u00e9bec  | TVA Nouvelles                      <\/p>\n                 \n        <\/div>  \n        <span class=\"document-item__date\">\n                      3 octobre 2025                  <\/span>\n    \n                  <div class=\"document-item__button btn btn--outline\"><span><i class=\"icon icon-download\" aria-hidden=\"true\"><\/i>Consult<\/span><\/div>\n               \n      <\/a>\n          <a href=\"https:\/\/www.lapresse.ca\/societe\/2025-10-02\/ces-adultes-qui-utilisent-une-suce-pour-contrer-le-stress.php\" target=\"_blank\" aria-label=\"Consult the document Ces adultes qui utilisent une suce pour contrer le stress | La Presse. The document will open in a new tab\" class=\"document-item\" rel=\"noopener\">\n        <div class=\"document-item__infos\">\n          <p class=\"document-item__title\">\n                          Ces adultes qui utilisent une suce pour contrer le stress | La Presse                      <\/p>\n                 \n        <\/div>  \n        <span class=\"document-item__date\">\n                      2 octobre 2025                  <\/span>\n    \n                  <div class=\"document-item__button btn btn--outline\"><span><i class=\"icon icon-download\" aria-hidden=\"true\"><\/i>Consult<\/span><\/div>\n               \n      <\/a>\n          <a href=\"https:\/\/www.petitpetitgamin.com\/2025\/10\/02\/nouvelle-tendance-au-quebec-des-suces-pour-bebe-mais-pour-adulte-pour-calmer-lanxiete\/\" target=\"_blank\" aria-label=\"Consult the document Nouvelle tendance au Qu\u00e9bec des suces pour b\u00e9b\u00e9 mais pour adulte pour calmer l\u2019anxi\u00e9t\u00e9. The document will open in a new tab\" class=\"document-item\" rel=\"noopener\">\n        <div class=\"document-item__infos\">\n          <p class=\"document-item__title\">\n                          Nouvelle tendance au Qu\u00e9bec des suces pour b\u00e9b\u00e9 mais pour adulte pour calmer l\u2019anxi\u00e9t\u00e9                      <\/p>\n                 \n        <\/div>  \n        <span class=\"document-item__date\">\n                      2 octobre 2025                  <\/span>\n    \n                  <div class=\"document-item__button btn btn--outline\"><span><i class=\"icon icon-download\" aria-hidden=\"true\"><\/i>Consult<\/span><\/div>\n               \n      <\/a>\n          <a href=\"https:\/\/ici.radio-canada.ca\/ohdio\/premiere\/emissions\/penelope\/segments\/rattrapage\/2188721\/dre-liliane-malczewski-vieillir-avec-ses-dents\" target=\"_blank\" aria-label=\"Consult the document La Dre Liliane Malczewski : Vieillir avec ses dents | OHdio | Radio-Canada. The document will open in a new tab\" class=\"document-item\" rel=\"noopener\">\n        <div class=\"document-item__infos\">\n          <p class=\"document-item__title\">\n                          La Dre Liliane Malczewski : Vieillir avec ses dents | OHdio | Radio-Canada                      <\/p>\n                 \n        <\/div>  \n        <span class=\"document-item__date\">\n                      1er octobre 2025                  <\/span>\n    \n                  <div class=\"document-item__button btn btn--outline\"><span><i class=\"icon icon-download\" aria-hidden=\"true\"><\/i>Consult<\/span><\/div>\n               \n      <\/a>\n          <a href=\"https:\/\/ici.radio-canada.ca\/ohdio\/premiere\/emissions\/penelope\/segments\/rattrapage\/2188723\/trio-sante-avec-denis-fortier-dre-chantal-vallee-et-dre-liliane-malczewski\" target=\"_blank\" aria-label=\"Consult the document Trio sant\u00e9 avec Denis Fortier, la Dre Chantal Vall\u00e9e et Dre Liliane Malczewski | OHdio | Radio-Canada. The document will open in a new tab\" class=\"document-item\" rel=\"noopener\">\n        <div class=\"document-item__infos\">\n          <p class=\"document-item__title\">\n                          Trio sant\u00e9 avec Denis Fortier, la Dre Chantal Vall\u00e9e et Dre Liliane Malczewski | OHdio | Radio-Canada                      <\/p>\n                 \n        <\/div>  \n        <span class=\"document-item__date\">\n                      1er octobre 2025                  <\/span>\n    \n                  <div class=\"document-item__button btn btn--outline\"><span><i class=\"icon icon-download\" aria-hidden=\"true\"><\/i>Consult<\/span><\/div>\n               \n      <\/a>\n          <a href=\"https:\/\/ici.radio-canada.ca\/rci\/fr\/nouvelle\/2192715\/dentiste-droit-botox-agent-de-comblement\" target=\"_blank\" aria-label=\"Consult the document Des injections de botox offertes chez le dentiste | ICI Radio-Canada. The document will open in a new tab\" class=\"document-item\" rel=\"noopener\">\n        <div class=\"document-item__infos\">\n          <p class=\"document-item__title\">\n                          Des injections de botox offertes chez le dentiste | ICI Radio-Canada                      <\/p>\n                 \n        <\/div>  \n        <span class=\"document-item__date\">\n                      16 septembre 2025                  <\/span>\n    \n                  <div class=\"document-item__button btn btn--outline\"><span><i class=\"icon icon-download\" aria-hidden=\"true\"><\/i>Consult<\/span><\/div>\n               \n      <\/a>\n          <a href=\"https:\/\/ici.radio-canada.ca\/tele\/le-telejournal-quebec\/site\/segments\/reportage\/2176217\/marika-wheeler-botox-dentistes-injections-agent-de\" target=\"_blank\" aria-label=\"Consult the document Des injections de Botox chez le dentiste | ICI T\u00e9l\u00e9. The document will open in a new tab\" class=\"document-item\" rel=\"noopener\">\n        <div class=\"document-item__infos\">\n          <p class=\"document-item__title\">\n                          Des injections de Botox chez le dentiste | ICI T\u00e9l\u00e9                      <\/p>\n                 \n        <\/div>  \n        <span class=\"document-item__date\">\n                      14 septembre 2025                  <\/span>\n    \n                  <div class=\"document-item__button btn btn--outline\"><span><i class=\"icon icon-download\" aria-hidden=\"true\"><\/i>Consult<\/span><\/div>\n               \n      <\/a>\n          <a href=\"https:\/\/ici.radio-canada.ca\/ohdio\/premiere\/emissions\/c-est-encore-mieux-l-apres-midi\/segments\/rattrapage\/2176034\/dentistes-preferent-ils-injecter-botox\" target=\"_blank\" aria-label=\"Consult the document Les dentistes pr\u00e9f\u00e8rent-ils injecter du botox? | OHdio | Radio-Canada. The document will open in a new tab\" class=\"document-item\" rel=\"noopener\">\n        <div class=\"document-item__infos\">\n          <p class=\"document-item__title\">\n                          Les dentistes pr\u00e9f\u00e8rent-ils injecter du botox? | OHdio | Radio-Canada                      <\/p>\n                 \n        <\/div>  \n        <span class=\"document-item__date\">\n                      15 septembre 2025                  <\/span>\n    \n                  <div class=\"document-item__button btn btn--outline\"><span><i class=\"icon icon-download\" aria-hidden=\"true\"><\/i>Consult<\/span><\/div>\n               \n      <\/a>\n          <a href=\"https:\/\/www.tvanouvelles.ca\/2025\/05\/18\/regime-federal-de-soins-dentaires-ca-va-prendre-des-bras-souligne-lordre-des-dentistes-du-quebec\" target=\"_blank\" aria-label=\"Consult the document R\u00e9gime f\u00e9d\u00e9ral de soins dentaires : \u00ab \u00c7a va prendre des bras \u00bb, souligne l\u2019Ordre des dentistes du Qu\u00e9bec | TVA Nouvelles. The document will open in a new tab\" class=\"document-item\" rel=\"noopener\">\n        <div class=\"document-item__infos\">\n          <p class=\"document-item__title\">\n                          R\u00e9gime f\u00e9d\u00e9ral de soins dentaires : \u00ab \u00c7a va prendre des bras \u00bb, souligne l\u2019Ordre des dentistes du Qu\u00e9bec | TVA Nouvelles                      <\/p>\n                 \n        <\/div>  \n        <span class=\"document-item__date\">\n                      18 mai 2025                  <\/span>\n    \n                  <div class=\"document-item__button btn btn--outline\"><span><i class=\"icon icon-download\" aria-hidden=\"true\"><\/i>Consult<\/span><\/div>\n               \n      <\/a>\n          <a href=\"https:\/\/ici.radio-canada.ca\/ohdio\/premiere\/emissions\/le-15-18\/segments\/rattrapage\/2083120\/elargissement-plan-canadien-soins-dentaires-liliane-malczewski\" target=\"_blank\" aria-label=\"Consult the document \u00c9largissement du Plan canadien de soins dentaires : Liliane Malczewski | OHdio | Radio-Canada. The document will open in a new tab\" class=\"document-item\" rel=\"noopener\">\n        <div class=\"document-item__infos\">\n          <p class=\"document-item__title\">\n                          \u00c9largissement du Plan canadien de soins dentaires : Liliane Malczewski | OHdio | Radio-Canada                      <\/p>\n                 \n        <\/div>  \n        <span class=\"document-item__date\">\n                      29 mai 2025                  <\/span>\n    \n                  <div class=\"document-item__button btn btn--outline\"><span><i class=\"icon icon-download\" aria-hidden=\"true\"><\/i>Consult<\/span><\/div>\n               \n      <\/a>\n      <\/section>\n","protected":false},"excerpt":{"rendered":"<p>2026 2025<\/p>\n","protected":false},"author":4,"featured_media":0,"parent":383,"menu_order":2,"comment_status":"closed","ping_status":"closed","template":"","meta":{"_acf_changed":false,"_relevanssi_hide_post":"","_relevanssi_hide_content":"","_relevanssi_pin_for_all":"","_relevanssi_pin_keywords":"","_relevanssi_unpin_keywords":"","_relevanssi_related_keywords":"","_relevanssi_related_include_ids":"","_relevanssi_related_exclude_ids":"","_relevanssi_related_no_append":"","_relevanssi_related_not_related":"","_relevanssi_related_posts":"37,1","_relevanssi_noindex_reason":"","sync_status":"","episode_type":"","audio_file":"","podmotor_file_id":"","podmotor_episode_id":"","castos_file_data":"","cover_image":"","cover_image_id":"","duration":"","filesize":"","filesize_raw":"","date_recorded":"","explicit":"","block":"","wpo365_audiences":[],"wpo365_private":false,"footnotes":""},"class_list":["post-11428","page","type-page","status-publish","hentry"],"acf":[],"_links":{"self":[{"href":"https:\/\/www.odq.qc.ca\/en\/wp-json\/wp\/v2\/pages\/11428","targetHints":{"allow":["GET"]}}],"collection":[{"href":"https:\/\/www.odq.qc.ca\/en\/wp-json\/wp\/v2\/pages"}],"about":[{"href":"https:\/\/www.odq.qc.ca\/en\/wp-json\/wp\/v2\/types\/page"}],"author":[{"embeddable":true,"href":"https:\/\/www.odq.qc.ca\/en\/wp-json\/wp\/v2\/users\/4"}],"replies":[{"embeddable":true,"href":"https:\/\/www.odq.qc.ca\/en\/wp-json\/wp\/v2\/comments?post=11428"}],"version-history":[{"count":8,"href":"https:\/\/www.odq.qc.ca\/en\/wp-json\/wp\/v2\/pages\/11428\/revisions"}],"predecessor-version":[{"id":12443,"href":"https:\/\/www.odq.qc.ca\/en\/wp-json\/wp\/v2\/pages\/11428\/revisions\/12443"}],"up":[{"embeddable":true,"href":"https:\/\/www.odq.qc.ca\/en\/wp-json\/wp\/v2\/pages\/383"}],"wp:attachment":[{"href":"https:\/\/www.odq.qc.ca\/en\/wp-json\/wp\/v2\/media?parent=11428"}],"curies":[{"name":"wp","href":"https:\/\/api.w.org\/{rel}","templated":true}]}}