{"id":155,"date":"2022-07-15T14:21:40","date_gmt":"2022-07-15T18:21:40","guid":{"rendered":"https:\/\/www.odq.qc.ca\/?page_id=155"},"modified":"2023-01-24T16:17:30","modified_gmt":"2023-01-24T20:17:30","slug":"formation-continue","status":"publish","type":"page","link":"https:\/\/www.odq.qc.ca\/en\/dentiste\/formation-continue\/","title":{"rendered":"Formation continue"},"content":{"rendered":"\n<p class=\"has-large-font-size\">L\u2019obligation de formation continue est justifi\u00e9e par l\u2019\u00e9volution rapide et constante des comp\u00e9tences professionnelles requises pour exercer la profession de dentiste et par la protection du public.<\/p>\n\n\n\n<p class=\"has-large-font-size\">Vous \u00eates dentiste et avez des questions en lien avec la formation continue? Consultez les <a href=\"https:\/\/www.odq.qc.ca\/dentiste\/formation-continue\/vos-questions-des-reponses\/\" data-type=\"page\" data-id=\"157\">r\u00e9ponses aux questions<\/a> qui nous sont fr\u00e9quemment pos\u00e9es par vos pairs.<br><br><\/p>\n\n\n<div class=\" block-background theme-block theme-block--innerblock alignfull wave wave--grey\"  \n  >\n    <span class=\"theme-block__label\">Section with background<\/span>\n  \n    \n\n<div class=\"cards-group theme-block alignfull cards-group--3-col\">\n    <span class=\"theme-block__label\">Cards<\/span>\n   \n      <span class=\"cards-group__instructions\">Leave empty for default content. Single cards can be manage directly in the pages it refers to<\/span>\n\n    \n<\/div>\n\n\n\n<\/div>\n\n                    \n","protected":false},"excerpt":{"rendered":"<p>L\u2019obligation de formation continue est justifi\u00e9e par l\u2019\u00e9volution rapide et constante des comp\u00e9tences professionnelles requises pour exercer la profession de dentiste et par la protection du public. Vous \u00eates dentiste et avez des questions en lien avec la formation continue? Consultez les r\u00e9ponses aux questions qui nous sont fr\u00e9quemment pos\u00e9es par vos pairs.<\/p>\n","protected":false},"author":1,"featured_media":0,"parent":152,"menu_order":4,"comment_status":"closed","ping_status":"closed","template":"","meta":{"_acf_changed":false,"_relevanssi_hide_post":"","_relevanssi_hide_content":"","_relevanssi_pin_for_all":"","_relevanssi_pin_keywords":"","_relevanssi_unpin_keywords":"","_relevanssi_related_keywords":"","_relevanssi_related_include_ids":"","_relevanssi_related_exclude_ids":"","_relevanssi_related_no_append":"","_relevanssi_related_not_related":"","_relevanssi_related_posts":"37,1","_relevanssi_noindex_reason":"","sync_status":"","episode_type":"","audio_file":"","podmotor_file_id":"","podmotor_episode_id":"","castos_file_data":"","cover_image":"","cover_image_id":"","duration":"","filesize":"","filesize_raw":"","date_recorded":"","explicit":"","block":"","wpo365_audiences":[],"wpo365_private":false,"footnotes":""},"class_list":["post-155","page","type-page","status-publish","hentry"],"acf":[],"_links":{"self":[{"href":"https:\/\/www.odq.qc.ca\/en\/wp-json\/wp\/v2\/pages\/155","targetHints":{"allow":["GET"]}}],"collection":[{"href":"https:\/\/www.odq.qc.ca\/en\/wp-json\/wp\/v2\/pages"}],"about":[{"href":"https:\/\/www.odq.qc.ca\/en\/wp-json\/wp\/v2\/types\/page"}],"author":[{"embeddable":true,"href":"https:\/\/www.odq.qc.ca\/en\/wp-json\/wp\/v2\/users\/1"}],"replies":[{"embeddable":true,"href":"https:\/\/www.odq.qc.ca\/en\/wp-json\/wp\/v2\/comments?post=155"}],"version-history":[{"count":15,"href":"https:\/\/www.odq.qc.ca\/en\/wp-json\/wp\/v2\/pages\/155\/revisions"}],"predecessor-version":[{"id":2024,"href":"https:\/\/www.odq.qc.ca\/en\/wp-json\/wp\/v2\/pages\/155\/revisions\/2024"}],"up":[{"embeddable":true,"href":"https:\/\/www.odq.qc.ca\/en\/wp-json\/wp\/v2\/pages\/152"}],"wp:attachment":[{"href":"https:\/\/www.odq.qc.ca\/en\/wp-json\/wp\/v2\/media?parent=155"}],"curies":[{"name":"wp","href":"https:\/\/api.w.org\/{rel}","templated":true}]}}