{"id":277,"date":"2022-08-02T15:29:28","date_gmt":"2022-08-02T19:29:28","guid":{"rendered":"https:\/\/www.odq.qc.ca\/?page_id=277"},"modified":"2026-04-10T09:25:27","modified_gmt":"2026-04-10T13:25:27","slug":"exercice-en-societe","status":"publish","type":"page","link":"https:\/\/www.odq.qc.ca\/en\/dentiste\/gestion-de-ma-pratique\/exercice-en-societe\/","title":{"rendered":"Exercice en soci\u00e9t\u00e9"},"content":{"rendered":"\n<div class=\"block-accordions-group theme-block theme-block--innerblock aligndefault\">\n    <span class=\"theme-block__label\">Accordions<\/span>\n  \n    \n<div class=\"block-accordion  theme-block theme-block--innerblock aligndefault\">\n    <span class=\"theme-block__label\">Accordion<\/span>\n    <h3 class=\"block-accordion__title\">Capsules d\u2019information<\/h3>\n    \n\n<p>Afin de r\u00e9pondre aux questions les plus fr\u00e9quemment pos\u00e9es, de fournir des pr\u00e9cisions sur diff\u00e9rents sujets et de vous guider dans votre d\u00e9marche, des capsules d\u2019information seront accessibles dans diverses sections du formulaire de d\u00e9claration annuelle.<\/p>\n\n\n\n<p>Pour acc\u00e9der au contenu des capsules, veuillez noter le num\u00e9ro se trouvant dans la pastille de couleur situ\u00e9e imm\u00e9diatement \u00e0 c\u00f4t\u00e9 du texte&nbsp;<strong>\u2460<\/strong>, puis cliquer sur l\u2019onglet \u00ab Capsules d\u2019information \u00bb, dans le menu situ\u00e9 au haut du formulaire et vous d\u00e9placer vers le texte correspondant au num\u00e9ro recherch\u00e9.<\/p>\n\n\n<\/div>\n\n                    \n\n\n<div class=\"block-accordion  theme-block theme-block--innerblock aligndefault\">\n    <span class=\"theme-block__label\">Accordion<\/span>\n    <h3 class=\"block-accordion__title\">D\u00e9signation d&#039;un repr\u00e9sentant\/mandataire<\/h3>\n    \n\n<p>Vous pouvez d\u00e9signer un repr\u00e9sentant, soit un avocat, un notaire, un fiscaliste, un comptable ou autre, pour agir en votre nom et \u00eatre autoris\u00e9 \u00e0 remplir le formulaire de d\u00e9claration annuelle de votre soci\u00e9t\u00e9 en ligne et \u00e0 acquitter les frais exigibles.<br><br><strong>Formulaire de d\u00e9signation d&#8217;un repr\u00e9sentant\/mandataire<\/strong><\/p>\n\n\n\n<p>Pour d\u00e9signer un repr\u00e9sentant, vous devez remplir et signer le formulaire <a href=\"https:\/\/www.odq.qc.ca\/wp-content\/uploads\/2023\/02\/ODQ-Formulaire_Exercice-societe-designation-revocation-representant-mandataire.pdf\" data-type=\"attachment\" data-id=\"3190\" target=\"_blank\" rel=\"noreferrer noopener\">D\u00e9signation \u2013 R\u00e9vocation du mandat d\u2019un repr\u00e9sentant\/mandataire<\/a>, puis le faire parvenir par courriel \u00e0 l\u2019adresse&nbsp;<a href=\"mailto:declarationannuelle@odq.qc.ca\">declarationannuelle@odq.qc.ca<\/a>.<br><br>Les formulaires seront trait\u00e9s dans les meilleurs d\u00e9lais suivant leur r\u00e9ception par l\u2019Ordre et une confirmation parviendra aux dentistes et professionnels concern\u00e9s.<br><br><strong>Code d\u2019identification et acc\u00e8s<\/strong><\/p>\n\n\n\n<p>Le repr\u00e9sentant que vous aurez d\u00e9sign\u00e9 recevra un code d\u2019identification personnalis\u00e9 qui lui permettra d\u2019acc\u00e9der au dossier de votre soci\u00e9t\u00e9 et il aura les m\u00eames droits que vous. Il pourra ainsi remplir le formulaire de d\u00e9claration annuelle et acquitter les frais exigibles pour la soci\u00e9t\u00e9 et ses \u00e9tablissements, le cas \u00e9ch\u00e9ant.<\/p>\n\n\n<\/div>\n\n                    \n\n\n<div class=\"block-accordion  theme-block theme-block--innerblock aligndefault\">\n    <span class=\"theme-block__label\">Accordion<\/span>\n    <h3 class=\"block-accordion__title\">R\u00e9vocation d&#039;un repr\u00e9sentant\/mandataire<\/h3>\n    \n\n<p>Les repr\u00e9sentants d\u00e9sign\u00e9s&nbsp;<strong>conserveront leurs droits d\u2019acc\u00e8s&nbsp;au-del\u00e0 du 31 mars 2026, \u00e0 moins qu\u2019un avis de r\u00e9vocation<\/strong>&nbsp;d\u00fbment rempli et sign\u00e9 (formulaire <a href=\"https:\/\/www.odq.qc.ca\/wp-content\/uploads\/2023\/02\/ODQ-Formulaire_Exercice-societe-designation-revocation-representant-mandataire.pdf\" data-type=\"attachment\" data-id=\"3190\" target=\"_blank\" rel=\"noreferrer noopener\">D\u00e9signation \u2013 R\u00e9vocation du mandat d\u2019un repr\u00e9sentant\/mandataire<\/a>) ne soit transmis \u00e0 l\u2019Ordre par courriel \u00e0 l\u2019adresse&nbsp;<a href=\"mailto:declarationannuelle@odq.qc.ca\" target=\"_blank\" rel=\"noreferrer noopener\"><\/a><a href=\"mailto:declarationannuelle@odq.qc.ca\">declarationannuelle@odq.qc.ca<\/a><a href=\"https:\/\/web.archive.org\/web\/20210721153407\/https:\/\/mail.google.com\/mail\/?view=cm&amp;fs=1&amp;tf=1&amp;to=societe@odq.qc.ca&amp;su=%C2%AB%20D%C3%A9signation%20%E2%80%93%20R%C3%A9vocation%20du%20mandat%20d%E2%80%99un%20repr%C3%A9sentant\/mandataire%20%C2%BB\" target=\"_blank\" rel=\"noreferrer noopener\"><\/a>.<\/p>\n\n\n\n<p>Les formulaires seront trait\u00e9s dans les meilleurs d\u00e9lais suivant leur r\u00e9ception par l\u2019Ordre et une confirmation parviendra au dentiste et au professionnel concern\u00e9s.<\/p>\n\n\n<\/div>\n\n                    \n\n\n<div class=\"block-accordion  theme-block theme-block--innerblock aligndefault\">\n    <span class=\"theme-block__label\">Accordion<\/span>\n    <h3 class=\"block-accordion__title\">Frais exigibles<\/h3>\n    \n\n<p>Les frais exig\u00e9s par l\u2019Ordre lors de la d\u00e9claration annuelle sont&nbsp;<strong>fix\u00e9s \u00e0 330 $<\/strong>&nbsp;pour&nbsp;<strong>chaque soci\u00e9t\u00e9<\/strong>. Ces m\u00eames frais s\u2019appliquent&nbsp;<strong>\u00e0 chaque \u00e9tablissement additionnel<\/strong>&nbsp;exploit\u00e9<sup>*<\/sup> par la soci\u00e9t\u00e9.<br><br>(*)&nbsp;Une soci\u00e9t\u00e9&nbsp;EXPLOITE&nbsp;un ou des \u00e9tablissements lorsque celle-ci&nbsp;<strong>POSS\u00c8DE<\/strong>&nbsp;ou&nbsp;<strong>LOUE<\/strong>&nbsp;un ou plusieurs lieux physiques o\u00f9 s&#8217;exercent des activit\u00e9s de m\u00e9decine dentaire.<br><br>Une soci\u00e9t\u00e9&nbsp;N&#8217;EXPLOITE&nbsp;<strong>AUCUN<\/strong>&nbsp;\u00e9tablissement lorsque celle-ci sert&nbsp;<strong>EXCLUSIVEMENT<\/strong>&nbsp;\u00e0 percevoir les honoraires d\u00e9coulant de la prestation de services professionnels en lien avec l&#8217;exercice de la m\u00e9decine dentaire, par exemple, un dentiste travailleur autonome dont les revenus d\u00e9coulant de l&#8217;exercice de sa profession sont vers\u00e9s \u00e0 sa soci\u00e9t\u00e9 plut\u00f4t qu&#8217;\u00e0 lui personnellement, \u00e0 titre particulier.<br><br>Ainsi, \u00e0 titre d\u2019exemple, une soci\u00e9t\u00e9 n\u2019exploitant aucun \u00e9tablissement ou un seul \u00e9tablissement doit acquitter des frais de 330 $. Une soci\u00e9t\u00e9 exploitant deux \u00e9tablissements doit pour sa part acquitter des frais de 660 $, soit 330 $ pour la soci\u00e9t\u00e9, incluant le premier \u00e9tablissement exploit\u00e9, et 330 $ pour le second \u00e9tablissement.<br><br>Les frais exigibles doivent \u00eatre acquitt\u00e9s en ligne, au moyen d\u2019une carte de cr\u00e9dit Visa ou Master Card.<br><br><strong>Date limite<\/strong><\/p>\n\n\n\n<p>La&nbsp;<strong>date limite<\/strong>&nbsp;pour remplir la D\u00e9claration annuelle&nbsp;<strong>ET<\/strong>&nbsp;acquitter les frais exigibles est le&nbsp;<strong>31 mars 2026<\/strong>. Apr\u00e8s cette date, des frais et p\u00e9nalit\u00e9s s\u2019appliqueront \u00e0 ceux qui n\u2019auront pas rempli ces deux obligations. Pour en savoir davantage, vous pouvez consulter le&nbsp;<a href=\"https:\/\/www.odq.qc.ca\/wp-content\/uploads\/2023\/03\/Tableau_frais_penalites_Societe.pdf\" target=\"_blank\" rel=\"noreferrer noopener\">tableau des frais et p\u00e9nalit\u00e9s<\/a>.<\/p>\n\n\n<\/div>\n\n                    \n\n\n<div class=\"block-accordion  theme-block theme-block--innerblock aligndefault\">\n    <span class=\"theme-block__label\">Accordion<\/span>\n    <h3 class=\"block-accordion__title\">Impression du sommaire<\/h3>\n    \n\n<p>Un sommaire est disponible en version imprimable. Pour imprimer le sommaire, cliquez sur le bouton \u00ab Imprimer \u00bb apparaissant \u00e0 gauche, au bas du sommaire.<\/p>\n\n\n<\/div>\n\n                    \n\n\n<div class=\"block-accordion  theme-block theme-block--innerblock aligndefault\">\n    <span class=\"theme-block__label\">Accordion<\/span>\n    <h3 class=\"block-accordion__title\">OBLIGATOIRE &#8211;  \u00c9tat de renseignements &#8211; Registraire des entreprises du Qu\u00e9bec<\/h3>\n    \n\n<p>\u00c0 la section 8 de votre d\u00e9claration annuelle 2026,&nbsp;<strong>VOUS DEVEZ&nbsp;<\/strong>t\u00e9l\u00e9verser un \u00c9tat de renseignements, \u00e0 jour, concernant votre soci\u00e9t\u00e9, lequel vous pourrez obtenir en effectuant une recherche \u00e0 partir du site internet du&nbsp;<a href=\"https:\/\/www.registreentreprises.gouv.qc.ca\/RQAnonymeGR\/GR\/GR03\/GR03A2_19A_PIU_RechEnt_PC\/PageRechSimple.aspx?T1.CodeService=S00436&amp;Clng=F&amp;WT.co_f=28f055c33672fe69fc31614102068356\" target=\"_blank\" rel=\"noreferrer noopener\">Registraire des entreprises du Qu\u00e9bec (REQ)<\/a>.<\/p>\n\n\n<\/div>\n\n                    \n\n\n<div class=\"block-accordion  theme-block theme-block--innerblock aligndefault\">\n    <span class=\"theme-block__label\">Accordion<\/span>\n    <h3 class=\"block-accordion__title\">Mise \u00e0 jour des renseignements<\/h3>\n    \n\n<p>Un sommaire complet des renseignements relatifs \u00e0 votre soci\u00e9t\u00e9 qui sont actuellement en la possession de l\u2019Ordre s\u2019affichera \u00e0 l\u2019\u00e9cran.<\/p>\n\n\n\n<p>Au moment de remplir la D\u00e9claration annuelle 2026, pour que celle-ci soit valide, chaque renseignement apparaissant au sommaire doit \u00eatre v\u00e9rifi\u00e9.<\/p>\n\n\n\n<p>Seuls les renseignements non conformes, manquants ou incomplets ainsi que les changements qui n\u2019ont pas \u00e9t\u00e9 communiqu\u00e9s \u00e0 l\u2019Ordre doivent \u00eatre inscrits dans les espaces r\u00e9serv\u00e9s \u00e0 cette fin.<\/p>\n\n\n<\/div>\n\n                    \n\n\n<div class=\"block-accordion  theme-block theme-block--innerblock aligndefault\">\n    <span class=\"theme-block__label\">Accordion<\/span>\n    <h3 class=\"block-accordion__title\">Frais et p\u00e9nalit\u00e9s<\/h3>\n    \n\n\n  <section id=block_981f393b6629be7d7733eb7446098c08 class=\"documents-block theme-block aligndefault\">\n          <a href=\"https:\/\/www.odq.qc.ca\/wp-content\/uploads\/2023\/03\/Tableau_frais_penalites_Societe.pdf\" target=\"_blank\" aria-label=\"Consult the document Exercice en soci\u00e9t\u00e9 - Tableau des frais et des p\u00e9nalit\u00e9s. The document will open in a new tab\" class=\"document-item\">\n        <div class=\"document-item__infos\">\n          <p class=\"document-item__title\">\n                          Exercice en soci\u00e9t\u00e9 &#8211; Tableau des frais et des p\u00e9nalit\u00e9s                      <\/p>\n                      <div class=\"document-item__description wysiwyg\">\n              <p><span data-teams=\"true\">Chaque soci\u00e9t\u00e9 a l\u2019obligation de remplir sa d\u00e9claration annuelle au plus tard le 31 mars de chaque ann\u00e9e, et ce, qu\u2019il y ait eu changement ou non au sein de la soci\u00e9t\u00e9 depuis la d\u00e9claration pr\u00e9c\u00e9dente. <\/span>Chaque soci\u00e9t\u00e9 a l\u2019obligation de remplir sa d\u00e9claration annuelle au plus tard le <strong>31 mars<\/strong> de chaque ann\u00e9e, et ce, qu\u2019il y ait eu changement ou non au sein de la soci\u00e9t\u00e9 depuis la d\u00e9claration pr\u00e9c\u00e9dente.<\/p>\n            <\/div>\n                 \n        <\/div>  \n        <span class=\"document-item__date\">\n                      Avril 2026                  <\/span>\n    \n                  <div class=\"document-item__button btn btn--outline\"><span><i class=\"icon icon-download\" aria-hidden=\"true\"><\/i>Consult<\/span><\/div>\n               \n      <\/a>\n      <\/section>\n\n\n<\/div>\n\n                    \n\n\n<div class=\"block-accordion  theme-block theme-block--innerblock aligndefault\">\n    <span class=\"theme-block__label\">Accordion<\/span>\n    <h3 class=\"block-accordion__title\">Demandes d\u2019informations &#8211; Questions<\/h3>\n    \n\n<p>Pour toute demande d\u2019information ou toute question, veuillez faire parvenir un courriel \u00e0 l\u2019adresse&nbsp;<a href=\"mailto:declarationannuelle@odq.qc.ca\" target=\"_blank\" rel=\"noreferrer noopener\"><\/a><a href=\"mailto:declarationannuelle@odq.qc.ca\">declarationannuelle@odq.qc.ca<\/a>&nbsp;ou communiquez avec nous par t\u00e9l\u00e9phone au 514 875-8511, aux poste 2254 ou 2222.<\/p>\n\n\n<\/div>\n\n                    \n\n\n<\/div>\n\n\n\n<h2 class=\"wp-block-heading is-style-small\"><strong>D\u00e9claration initiale et autres formulaires<\/strong><\/h2>\n\n\n\n<p>Le&nbsp;<a href=\"http:\/\/legisquebec.gouv.qc.ca\/fr\/ShowDoc\/cr\/D-3,%20r.%209\/\" target=\"_blank\" rel=\"noopener\">R\u00e8glement sur l\u2019exercice de la profession de dentiste en soci\u00e9t\u00e9<\/a><strong>&nbsp;et les modifications correspondantes apport\u00e9es au&nbsp;<\/strong><a href=\"http:\/\/legisquebec.gouv.qc.ca\/fr\/ShowDoc\/cr\/D-3,%20r.%204\/\" target=\"_blank\" rel=\"noopener\">Code de d\u00e9ontologie des dentistes<\/a><strong>&nbsp;sont en vigueur depuis le 19 juin 2008.<\/strong><\/p>\n\n\n\n<p>Tout dentiste qui souhaite obtenir l\u2019autorisation de l\u2019Ordre des dentistes du Qu\u00e9bec (ODQ) d\u2019exercer la profession au sein d\u2019une SENCRL ou d\u2019une SPA doit d\u00fbment remplir le formulaire de d\u00e9claration pr\u00e9vu \u00e0 cette fin, accompagn\u00e9 des&nbsp;<a href=\"https:\/\/www.odq.qc.ca\/wp-content\/uploads\/2023\/03\/Tableau_frais_penalites_Societe.pdf\" target=\"_blank\" rel=\"noreferrer noopener\">frais exigibles<\/a>, et le faire parvenir \u00e0 l\u2019Ordre.<br><br>Pour plus d&#8217;information, \u00e9crivez \u00e0 :&nbsp;<a href=\"mailto:societe@odq.qc.ca\">societe@odq.qc.ca<\/a><\/p>\n\n\n\n\n  <section id=block_ca354d3457600a4ab9afe2ac6153b88d class=\"documents-block theme-block aligndefault\">\n          <a href=\"https:\/\/www.odq.qc.ca\/wp-content\/uploads\/2023\/05\/ODQ-Formulaire_Exercice-societe-Declaration-Initiale-S1.pdf\" target=\"_blank\" aria-label=\"Consult the document D\u00e9claration initiale (formulaire S1). The document will open in a new tab\" class=\"document-item\">\n        <div class=\"document-item__infos\">\n          <p class=\"document-item__title\">\n                          D\u00e9claration initiale (formulaire S1)                      <\/p>\n                 \n        <\/div>  \n        <span class=\"document-item__date\">\n                      Avril 2026                  <\/span>\n    \n                  <div class=\"document-item__button btn btn--outline\"><span><i class=\"icon icon-download\" aria-hidden=\"true\"><\/i>Consult<\/span><\/div>\n               \n      <\/a>\n          <a href=\"https:\/\/www.odq.qc.ca\/wp-content\/uploads\/2023\/05\/ODQ-Formulaire_Exercice-societe-Declaration-modificative-vente-actions-S2.1.pdf\" target=\"_blank\" aria-label=\"Consult the document D\u00e9claration modificative - Vente d&#039;actions (formulaire S2.1). The document will open in a new tab\" class=\"document-item\">\n        <div class=\"document-item__infos\">\n          <p class=\"document-item__title\">\n                          D\u00e9claration modificative &#8211; Vente d&#039;actions (formulaire S2.1)                      <\/p>\n                 \n        <\/div>  \n        <span class=\"document-item__date\">\n                      Avril 2026                  <\/span>\n    \n                  <div class=\"document-item__button btn btn--outline\"><span><i class=\"icon icon-download\" aria-hidden=\"true\"><\/i>Consult<\/span><\/div>\n               \n      <\/a>\n          <a href=\"https:\/\/www.odq.qc.ca\/wp-content\/uploads\/2022\/08\/Declaration_modificative_Actionnaire_Administrateur.pdf\" target=\"_blank\" aria-label=\"Consult the document D\u00e9claration modificative - Actionnaires et\/ou administrateurs (formulaire S2.2). The document will open in a new tab\" class=\"document-item\">\n        <div class=\"document-item__infos\">\n          <p class=\"document-item__title\">\n                          D\u00e9claration modificative &#8211; Actionnaires et\/ou administrateurs (formulaire S2.2)                      <\/p>\n                 \n        <\/div>  \n        <span class=\"document-item__date\">\n                      Avril 2026                  <\/span>\n    \n                  <div class=\"document-item__button btn btn--outline\"><span><i class=\"icon icon-download\" aria-hidden=\"true\"><\/i>Consult<\/span><\/div>\n               \n      <\/a>\n          <a href=\"https:\/\/www.odq.qc.ca\/wp-content\/uploads\/2023\/05\/ODQ-Formulaire_Exercice-societe-Declaration-modificative-Denomination-sociale-S2.3.pdf\" target=\"_blank\" aria-label=\"Consult the document D\u00e9claration modificative - D\u00e9nomination sociale (formulaire S2.3). The document will open in a new tab\" class=\"document-item\">\n        <div class=\"document-item__infos\">\n          <p class=\"document-item__title\">\n                          D\u00e9claration modificative &#8211; D\u00e9nomination sociale (formulaire S2.3)                      <\/p>\n                 \n        <\/div>  \n        <span class=\"document-item__date\">\n                      Avril 2026                  <\/span>\n    \n                  <div class=\"document-item__button btn btn--outline\"><span><i class=\"icon icon-download\" aria-hidden=\"true\"><\/i>Consult<\/span><\/div>\n               \n      <\/a>\n          <a href=\"https:\/\/www.odq.qc.ca\/wp-content\/uploads\/2023\/05\/ODQ-Formulaire_Exercice-societe-Declaration-modificative-Adresse_siege_social-S2.4.pdf\" target=\"_blank\" aria-label=\"Consult the document D\u00e9claration modificative - Adresse du si\u00e8ge social (formulaire S2.4). The document will open in a new tab\" class=\"document-item\">\n        <div class=\"document-item__infos\">\n          <p class=\"document-item__title\">\n                          D\u00e9claration modificative &#8211; Adresse du si\u00e8ge social (formulaire S2.4)                      <\/p>\n                 \n        <\/div>  \n        <span class=\"document-item__date\">\n                      Avril 2026                  <\/span>\n    \n                  <div class=\"document-item__button btn btn--outline\"><span><i class=\"icon icon-download\" aria-hidden=\"true\"><\/i>Consult<\/span><\/div>\n               \n      <\/a>\n          <a href=\"https:\/\/www.odq.qc.ca\/wp-content\/uploads\/2023\/05\/ODQ-Formulaire_Exercice-societe-Declaration-modificative-Autres-noms-S2.5.pdf\" target=\"_blank\" aria-label=\"Consult the document D\u00e9claration modificative - Autre(s) nom(s) (formulaire S2.5). The document will open in a new tab\" class=\"document-item\">\n        <div class=\"document-item__infos\">\n          <p class=\"document-item__title\">\n                          D\u00e9claration modificative &#8211; Autre(s) nom(s) (formulaire S2.5)                      <\/p>\n                 \n        <\/div>  \n        <span class=\"document-item__date\">\n                      Avril 2026                  <\/span>\n    \n                  <div class=\"document-item__button btn btn--outline\"><span><i class=\"icon icon-download\" aria-hidden=\"true\"><\/i>Consult<\/span><\/div>\n               \n      <\/a>\n          <a href=\"https:\/\/www.odq.qc.ca\/wp-content\/uploads\/2023\/05\/ODQ-Formulaire_Exercice-societe-Declaration-modificative-Designation-repondant-substitut-S2.6.pdf\" target=\"_blank\" aria-label=\"Consult the document D\u00e9claration modificative - D\u00e9signation d&#039;un r\u00e9pondant - r\u00e9pondant substitut - r\u00e9pondant d&#039;\u00e9tablissement (formulaire S2.6). The document will open in a new tab\" class=\"document-item\">\n        <div class=\"document-item__infos\">\n          <p class=\"document-item__title\">\n                          D\u00e9claration modificative &#8211; D\u00e9signation d&#039;un r\u00e9pondant &#8211; r\u00e9pondant substitut &#8211; r\u00e9pondant d&#039;\u00e9tablissement (formulaire S2.6)                      <\/p>\n                 \n        <\/div>  \n        <span class=\"document-item__date\">\n                      Avril 2026                  <\/span>\n    \n                  <div class=\"document-item__button btn btn--outline\"><span><i class=\"icon icon-download\" aria-hidden=\"true\"><\/i>Consult<\/span><\/div>\n               \n      <\/a>\n          <a href=\"https:\/\/www.odq.qc.ca\/wp-content\/uploads\/2023\/05\/ODQ-Formulaire_Exercice-societe-Declaration-modificative-Etablissements-Employes-Travailleurs-autonomes-S2.7.pdf\" target=\"_blank\" aria-label=\"Consult the document D\u00e9claration modificative - \u00c9tablissement(s) exploit\u00e9(s) - Employ\u00e9(s) - Travailleur(s) autonome(s) (formulaire S2.7). The document will open in a new tab\" class=\"document-item\">\n        <div class=\"document-item__infos\">\n          <p class=\"document-item__title\">\n                          D\u00e9claration modificative &#8211; \u00c9tablissement(s) exploit\u00e9(s) &#8211; Employ\u00e9(s) &#8211; Travailleur(s) autonome(s) (formulaire S2.7)                      <\/p>\n                 \n        <\/div>  \n        <span class=\"document-item__date\">\n                      Avril 2026                  <\/span>\n    \n                  <div class=\"document-item__button btn btn--outline\"><span><i class=\"icon icon-download\" aria-hidden=\"true\"><\/i>Consult<\/span><\/div>\n               \n      <\/a>\n          <a href=\"https:\/\/www.odq.qc.ca\/wp-content\/uploads\/2023\/03\/ODQ_Formulaire_Exercice-societe-Declaration-de-Fusion_S3.pdf\" target=\"_blank\" aria-label=\"Consult the document D\u00e9claration de fusion (formulaire S3). The document will open in a new tab\" class=\"document-item\">\n        <div class=\"document-item__infos\">\n          <p class=\"document-item__title\">\n                          D\u00e9claration de fusion (formulaire S3)                      <\/p>\n                 \n        <\/div>  \n        <span class=\"document-item__date\">\n                      Avril 2026                  <\/span>\n    \n                  <div class=\"document-item__button btn btn--outline\"><span><i class=\"icon icon-download\" aria-hidden=\"true\"><\/i>Consult<\/span><\/div>\n               \n      <\/a>\n          <a href=\"https:\/\/www.odq.qc.ca\/wp-content\/uploads\/2023\/05\/ODQ-Formulaire_Exercice-societe-Declaration-fin-exercice-S4.pdf\" target=\"_blank\" aria-label=\"Consult the document D\u00e9claration de fin d&#039;exercice en soci\u00e9t\u00e9 (formulaire S4). The document will open in a new tab\" class=\"document-item\">\n        <div class=\"document-item__infos\">\n          <p class=\"document-item__title\">\n                          D\u00e9claration de fin d&#039;exercice en soci\u00e9t\u00e9 (formulaire S4)                      <\/p>\n                 \n        <\/div>  \n        <span class=\"document-item__date\">\n                      Avril 2026                  <\/span>\n    \n                  <div class=\"document-item__button btn btn--outline\"><span><i class=\"icon icon-download\" aria-hidden=\"true\"><\/i>Consult<\/span><\/div>\n               \n      <\/a>\n      <\/section>\n\n\n\n<h2 class=\"wp-block-heading is-style-small has-primary-color has-text-color\"><strong>Des questions?<\/strong><\/h2>\n\n\n\n<p><strong>Pour l&#8217;exercice en soci\u00e9t\u00e9:<\/strong><\/p>\n\n\n\n<ul class=\"wp-block-list\">\n<li><a href=\"mailto:societe@odq.qc.ca\">societe@odq.qc.ca<\/a><\/li>\n\n\n\n<li>514 875-8511, poste 2243<\/li>\n<\/ul>\n\n\n\n<p><strong>Pour les d\u00e9clarations annuelles des soci\u00e9t\u00e9s:<\/strong><\/p>\n\n\n\n<ul class=\"wp-block-list\">\n<li><a href=\"mailto:declarationannuelle@odq.qc.ca\">declarationannuelle@odq.qc.ca<\/a><\/li>\n\n\n\n<li>514 875-8511, postes 2222 ou 2254<\/li>\n<\/ul>\n\n\n\n<p><\/p>\n","protected":false},"excerpt":{"rendered":"<p>D\u00e9claration initiale et autres formulaires Le&nbsp;R\u00e8glement sur l\u2019exercice de la profession de dentiste en soci\u00e9t\u00e9&nbsp;et les modifications correspondantes apport\u00e9es au&nbsp;Code de d\u00e9ontologie des dentistes&nbsp;sont en vigueur depuis le 19 juin 2008. Tout dentiste qui souhaite obtenir l\u2019autorisation de l\u2019Ordre des dentistes du Qu\u00e9bec (ODQ) d\u2019exercer la profession au sein d\u2019une SENCRL ou d\u2019une SPA doit&hellip;<\/p>\n","protected":false},"author":4,"featured_media":0,"parent":253,"menu_order":2,"comment_status":"closed","ping_status":"closed","template":"template-page-with-sidebar.php","meta":{"_acf_changed":false,"_relevanssi_hide_post":"","_relevanssi_hide_content":"","_relevanssi_pin_for_all":"","_relevanssi_pin_keywords":"","_relevanssi_unpin_keywords":"","_relevanssi_related_keywords":"","_relevanssi_related_include_ids":"","_relevanssi_related_exclude_ids":"","_relevanssi_related_no_append":"","_relevanssi_related_not_related":"","_relevanssi_related_posts":"1,37","_relevanssi_noindex_reason":"","sync_status":"","episode_type":"","audio_file":"","podmotor_file_id":"","podmotor_episode_id":"","castos_file_data":"","cover_image":"","cover_image_id":"","duration":"","filesize":"","filesize_raw":"","date_recorded":"","explicit":"","block":"","wpo365_audiences":[],"wpo365_private":false,"footnotes":""},"class_list":["post-277","page","type-page","status-publish","hentry"],"acf":[],"_links":{"self":[{"href":"https:\/\/www.odq.qc.ca\/en\/wp-json\/wp\/v2\/pages\/277","targetHints":{"allow":["GET"]}}],"collection":[{"href":"https:\/\/www.odq.qc.ca\/en\/wp-json\/wp\/v2\/pages"}],"about":[{"href":"https:\/\/www.odq.qc.ca\/en\/wp-json\/wp\/v2\/types\/page"}],"author":[{"embeddable":true,"href":"https:\/\/www.odq.qc.ca\/en\/wp-json\/wp\/v2\/users\/4"}],"replies":[{"embeddable":true,"href":"https:\/\/www.odq.qc.ca\/en\/wp-json\/wp\/v2\/comments?post=277"}],"version-history":[{"count":8,"href":"https:\/\/www.odq.qc.ca\/en\/wp-json\/wp\/v2\/pages\/277\/revisions"}],"predecessor-version":[{"id":12444,"href":"https:\/\/www.odq.qc.ca\/en\/wp-json\/wp\/v2\/pages\/277\/revisions\/12444"}],"up":[{"embeddable":true,"href":"https:\/\/www.odq.qc.ca\/en\/wp-json\/wp\/v2\/pages\/253"}],"wp:attachment":[{"href":"https:\/\/www.odq.qc.ca\/en\/wp-json\/wp\/v2\/media?parent=277"}],"curies":[{"name":"wp","href":"https:\/\/api.w.org\/{rel}","templated":true}]}}