{"id":301,"date":"2022-08-02T15:37:40","date_gmt":"2022-08-02T19:37:40","guid":{"rendered":"https:\/\/www.odq.qc.ca\/?page_id=301"},"modified":"2026-01-29T17:01:13","modified_gmt":"2026-01-29T21:01:13","slug":"dispense-de-formation-continue","status":"publish","type":"page","link":"https:\/\/www.odq.qc.ca\/en\/dentiste\/formation-continue\/dispense-de-formation-continue\/","title":{"rendered":"Dispense de formation continue"},"content":{"rendered":"\n<p class=\"has-large-font-size\">Dans certaines situations pr\u00e9vues au r\u00e8glement, un dentiste peut demander \u00e0 l\u2019Ordre une dispense, en tout ou en partie, de l\u2019obligation d\u2019accumuler des unit\u00e9s de formation continue (UFC) pour la p\u00e9riode de r\u00e9f\u00e9rence en cours.<\/p>\n\n\n\n<h2 class=\"wp-block-heading is-style-small\" id=\"motifsdispense\"><strong>Motifs de dispense<\/strong><\/h2>\n\n\n\n<p>\u00c0 titre de membre de l\u2019Ordre des dentistes du Qu\u00e9bec, vous devez respecter vos obligations en mati\u00e8re de formation continue. Seuls les motifs suivants peuvent justifier l\u2019octroi d\u2019une dispense:<\/p>\n\n\n\n<ul class=\"wp-block-list\">\n<li>Maladie;<\/li>\n\n\n\n<li>Grossesse;<\/li>\n\n\n\n<li>Cong\u00e9 de maternit\u00e9, de paternit\u00e9 ou parental (maximum 12 mois);<\/li>\n\n\n\n<li>Cong\u00e9 pour agir \u00e0 titre de proche aidant (au sens de la <em>Loi sur les normes du travail<\/em>);<\/li>\n\n\n\n<li>Circonstances exceptionnelles.<\/li>\n\n\n\n<li>S\u00e9jour \u00e0 l\u2019ext\u00e9rieur du Canadapour une p\u00e9riode de plus de 12 mois cons\u00e9cutifs.<\/li>\n<\/ul>\n\n\n\n<h2 class=\"wp-block-heading is-style-small\" id=\"proceduredispense\"><strong><strong>Pr\u00e9senter une demande de dispense<\/strong><\/strong><\/h2>\n\n\n\n<p>Pour faire une demande de dispense, vous devez:<\/p>\n\n\n\n<ol class=\"wp-block-list\">\n<li>remplir le formulaire <a href=\"https:\/\/fr.surveymonkey.com\/r\/Q8MFZYD\" target=\"_blank\" rel=\"noopener\">Demande de dispense d\u2019unit\u00e9s de formation continue<\/a>;<\/li>\n\n\n\n<li>joindre la <a href=\"https:\/\/www.odq.qc.ca\/wp-content\/uploads\/2026\/01\/Formation_continue-Tableau-des-dispenses.pdf\" target=\"_blank\" rel=\"noreferrer noopener\">pi\u00e8ce justificative<\/a> exig\u00e9e selon le motif invoqu\u00e9;<\/li>\n\n\n\n<li>pr\u00e9ciser la p\u00e9riode vis\u00e9e (dates de d\u00e9but et de fin);<\/li>\n\n\n\n<li>acquitter les frais administratifs fix\u00e9s par l\u2019Ordre.<\/li>\n<\/ol>\n\n\n\n<div class=\"wp-block-buttons is-layout-flex wp-block-buttons-is-layout-flex\">\n<div class=\"wp-block-button is-style-outline is-style-outline--1\"><a class=\"wp-block-button__link wp-element-button\" href=\"https:\/\/fr.surveymonkey.com\/r\/Q8MFZYD\" target=\"_blank\" rel=\"noreferrer noopener\">Demande de dispense<\/a><\/div>\n<\/div>\n\n\n\n<h2 class=\"wp-block-heading is-style-small\" id=\"refusrevisiondispense\"><strong>Refus et r\u00e9vision<\/strong><\/h2>\n\n\n\n<p>En cas de refus, l\u2019Ordre vous en avisera par \u00e9crit. Cet avis pr\u00e9cisera votre droit de transmettre des observations \u00e9crites dans un d\u00e9lai de 15 jours.<\/p>\n\n\n\n<h2 class=\"wp-block-heading is-style-small has-primary-color has-text-color\" id=\"questions\"><strong>Des questions?<\/strong><\/h2>\n\n\n\n<ul class=\"wp-block-list\">\n<li><a href=\"mailto:formation@odq.qc.ca\">formation@odq.qc.ca<\/a><\/li>\n\n\n\n<li><strong>514 875-8511, poste 2290<\/strong><\/li>\n<\/ul>\n","protected":false},"excerpt":{"rendered":"<p>Dans certaines situations pr\u00e9vues au r\u00e8glement, un dentiste peut demander \u00e0 l\u2019Ordre une dispense, en tout ou en partie, de l\u2019obligation d\u2019accumuler des unit\u00e9s de formation continue (UFC) pour la p\u00e9riode de r\u00e9f\u00e9rence en cours. Motifs de dispense \u00c0 titre de membre de l\u2019Ordre des dentistes du Qu\u00e9bec, vous devez respecter vos obligations en mati\u00e8re&hellip;<\/p>\n","protected":false},"author":4,"featured_media":0,"parent":155,"menu_order":2,"comment_status":"closed","ping_status":"closed","template":"template-page-with-sidebar.php","meta":{"_acf_changed":false,"_relevanssi_hide_post":"","_relevanssi_hide_content":"","_relevanssi_pin_for_all":"","_relevanssi_pin_keywords":"","_relevanssi_unpin_keywords":"","_relevanssi_related_keywords":"","_relevanssi_related_include_ids":"","_relevanssi_related_exclude_ids":"","_relevanssi_related_no_append":"","_relevanssi_related_not_related":"","_relevanssi_related_posts":"37,1","_relevanssi_noindex_reason":"","sync_status":"","episode_type":"","audio_file":"","podmotor_file_id":"","podmotor_episode_id":"","castos_file_data":"","cover_image":"","cover_image_id":"","duration":"","filesize":"","filesize_raw":"","date_recorded":"","explicit":"","block":"","wpo365_audiences":[],"wpo365_private":false,"footnotes":""},"class_list":["post-301","page","type-page","status-publish","hentry"],"acf":[],"_links":{"self":[{"href":"https:\/\/www.odq.qc.ca\/en\/wp-json\/wp\/v2\/pages\/301","targetHints":{"allow":["GET"]}}],"collection":[{"href":"https:\/\/www.odq.qc.ca\/en\/wp-json\/wp\/v2\/pages"}],"about":[{"href":"https:\/\/www.odq.qc.ca\/en\/wp-json\/wp\/v2\/types\/page"}],"author":[{"embeddable":true,"href":"https:\/\/www.odq.qc.ca\/en\/wp-json\/wp\/v2\/users\/4"}],"replies":[{"embeddable":true,"href":"https:\/\/www.odq.qc.ca\/en\/wp-json\/wp\/v2\/comments?post=301"}],"version-history":[{"count":8,"href":"https:\/\/www.odq.qc.ca\/en\/wp-json\/wp\/v2\/pages\/301\/revisions"}],"predecessor-version":[{"id":12118,"href":"https:\/\/www.odq.qc.ca\/en\/wp-json\/wp\/v2\/pages\/301\/revisions\/12118"}],"up":[{"embeddable":true,"href":"https:\/\/www.odq.qc.ca\/en\/wp-json\/wp\/v2\/pages\/155"}],"wp:attachment":[{"href":"https:\/\/www.odq.qc.ca\/en\/wp-json\/wp\/v2\/media?parent=301"}],"curies":[{"name":"wp","href":"https:\/\/api.w.org\/{rel}","templated":true}]}}