{"id":307,"date":"2022-08-02T16:00:24","date_gmt":"2022-08-02T20:00:24","guid":{"rendered":"https:\/\/www.odq.qc.ca\/?page_id=307"},"modified":"2023-01-24T16:18:14","modified_gmt":"2023-01-24T20:18:14","slug":"etudiants","status":"publish","type":"page","link":"https:\/\/www.odq.qc.ca\/en\/devenir-dentiste\/etudiants\/","title":{"rendered":"\u00c9tudiants"},"content":{"rendered":"\n<p class=\"has-large-font-size\">Vous \u00eates \u00e9tudiant en m\u00e9decine dentaire? Vous devez vous <a href=\"https:\/\/www.odq.qc.ca\/devenir-dentiste\/etudiants\/sinscrire-au-registre\/\" data-type=\"page\" data-id=\"313\">inscrire au registre<\/a> d\u00e8s le d\u00e9but de vos \u00e9tudes. Une fois vos \u00e9tudes termin\u00e9es, vous pourrez demander votre permis.<\/p>\n\n\n<section id=\"block_99e942f9d87dba7ad6cedab1660e3a42\" class=\"spacer theme-block aligndefault spacer--small\">\n \n<\/section>\n\n\n<div class=\" block-background theme-block theme-block--innerblock alignfull wave wave--grey\"  \n  >\n    <span class=\"theme-block__label\">Section with background<\/span>\n  \n    \n\n<div class=\"cards-group theme-block alignfull cards-group--3-col\">\n    <span class=\"theme-block__label\">Cards<\/span>\n   \n      <span class=\"cards-group__instructions\">Leave empty for default content. Single cards can be manage directly in the pages it refers to<\/span>\n\n    \n<\/div>\n\n\n\n<\/div>\n\n                    \n","protected":false},"excerpt":{"rendered":"<p>Vous \u00eates \u00e9tudiant en m\u00e9decine dentaire? Vous devez vous inscrire au registre d\u00e8s le d\u00e9but de vos \u00e9tudes. Une fois vos \u00e9tudes termin\u00e9es, vous pourrez demander votre permis.<\/p>\n","protected":false},"author":1,"featured_media":0,"parent":305,"menu_order":0,"comment_status":"closed","ping_status":"closed","template":"","meta":{"_acf_changed":false,"_relevanssi_hide_post":"","_relevanssi_hide_content":"","_relevanssi_pin_for_all":"","_relevanssi_pin_keywords":"","_relevanssi_unpin_keywords":"","_relevanssi_related_keywords":"","_relevanssi_related_include_ids":"","_relevanssi_related_exclude_ids":"","_relevanssi_related_no_append":"","_relevanssi_related_not_related":"","_relevanssi_related_posts":"1,37","_relevanssi_noindex_reason":"","sync_status":"","episode_type":"","audio_file":"","podmotor_file_id":"","podmotor_episode_id":"","castos_file_data":"","cover_image":"","cover_image_id":"","duration":"","filesize":"","filesize_raw":"","date_recorded":"","explicit":"","block":"","wpo365_audiences":[],"wpo365_private":false,"footnotes":""},"class_list":["post-307","page","type-page","status-publish","hentry"],"acf":[],"_links":{"self":[{"href":"https:\/\/www.odq.qc.ca\/en\/wp-json\/wp\/v2\/pages\/307","targetHints":{"allow":["GET"]}}],"collection":[{"href":"https:\/\/www.odq.qc.ca\/en\/wp-json\/wp\/v2\/pages"}],"about":[{"href":"https:\/\/www.odq.qc.ca\/en\/wp-json\/wp\/v2\/types\/page"}],"author":[{"embeddable":true,"href":"https:\/\/www.odq.qc.ca\/en\/wp-json\/wp\/v2\/users\/1"}],"replies":[{"embeddable":true,"href":"https:\/\/www.odq.qc.ca\/en\/wp-json\/wp\/v2\/comments?post=307"}],"version-history":[{"count":5,"href":"https:\/\/www.odq.qc.ca\/en\/wp-json\/wp\/v2\/pages\/307\/revisions"}],"predecessor-version":[{"id":2620,"href":"https:\/\/www.odq.qc.ca\/en\/wp-json\/wp\/v2\/pages\/307\/revisions\/2620"}],"up":[{"embeddable":true,"href":"https:\/\/www.odq.qc.ca\/en\/wp-json\/wp\/v2\/pages\/305"}],"wp:attachment":[{"href":"https:\/\/www.odq.qc.ca\/en\/wp-json\/wp\/v2\/media?parent=307"}],"curies":[{"name":"wp","href":"https:\/\/api.w.org\/{rel}","templated":true}]}}