{"id":309,"date":"2022-08-02T16:00:49","date_gmt":"2022-08-02T20:00:49","guid":{"rendered":"https:\/\/www.odq.qc.ca\/?page_id=309"},"modified":"2022-12-15T15:01:25","modified_gmt":"2022-12-15T19:01:25","slug":"diplomes-hors-quebec","status":"publish","type":"page","link":"https:\/\/www.odq.qc.ca\/en\/devenir-dentiste\/diplomes-hors-quebec\/","title":{"rendered":"Dipl\u00f4m\u00e9s hors Qu\u00e9bec"},"content":{"rendered":"\n<p class=\"has-large-font-size\">Vous avez obtenu un dipl\u00f4me en m\u00e9decine dentaire dans une province autre que le Qu\u00e9bec, en France ou ailleurs dans le monde et vous d\u00e9sirez exercer au Qu\u00e9bec? Consultez la marche \u00e0 suivre pour faire votre demande d\u2019\u00e9quivalence ou votre demande de reconnaissance des qualifications professionnelles aupr\u00e8s de l\u2019Ordre.<br><br><\/p>\n\n\n<div class=\" block-background theme-block theme-block--innerblock alignfull wave wave--grey\"  \n  >\n    <span class=\"theme-block__label\">Section with background<\/span>\n  \n    \n\n<div class=\"cards-group theme-block alignfull cards-group--3-col\">\n    <span class=\"theme-block__label\">Cards<\/span>\n   \n      <span class=\"cards-group__instructions\">Leave empty for default content. Single cards can be manage directly in the pages it refers to<\/span>\n\n    \n<\/div>\n\n\n\n<\/div>\n\n                    \n","protected":false},"excerpt":{"rendered":"<p>Vous avez obtenu un dipl\u00f4me en m\u00e9decine dentaire dans une province autre que le Qu\u00e9bec, en France ou ailleurs dans le monde et vous d\u00e9sirez exercer au Qu\u00e9bec? Consultez la marche \u00e0 suivre pour faire votre demande d\u2019\u00e9quivalence ou votre demande de reconnaissance des qualifications professionnelles aupr\u00e8s de l\u2019Ordre.<\/p>\n","protected":false},"author":1,"featured_media":0,"parent":305,"menu_order":1,"comment_status":"closed","ping_status":"closed","template":"","meta":{"_acf_changed":false,"_relevanssi_hide_post":"","_relevanssi_hide_content":"","_relevanssi_pin_for_all":"","_relevanssi_pin_keywords":"","_relevanssi_unpin_keywords":"","_relevanssi_related_keywords":"","_relevanssi_related_include_ids":"","_relevanssi_related_exclude_ids":"","_relevanssi_related_no_append":"","_relevanssi_related_not_related":"","_relevanssi_related_posts":"1,37","_relevanssi_noindex_reason":"","sync_status":"","episode_type":"","audio_file":"","podmotor_file_id":"","podmotor_episode_id":"","castos_file_data":"","cover_image":"","cover_image_id":"","duration":"","filesize":"","filesize_raw":"","date_recorded":"","explicit":"","block":"","wpo365_audiences":[],"wpo365_private":false,"footnotes":""},"class_list":["post-309","page","type-page","status-publish","hentry"],"acf":[],"_links":{"self":[{"href":"https:\/\/www.odq.qc.ca\/en\/wp-json\/wp\/v2\/pages\/309","targetHints":{"allow":["GET"]}}],"collection":[{"href":"https:\/\/www.odq.qc.ca\/en\/wp-json\/wp\/v2\/pages"}],"about":[{"href":"https:\/\/www.odq.qc.ca\/en\/wp-json\/wp\/v2\/types\/page"}],"author":[{"embeddable":true,"href":"https:\/\/www.odq.qc.ca\/en\/wp-json\/wp\/v2\/users\/1"}],"replies":[{"embeddable":true,"href":"https:\/\/www.odq.qc.ca\/en\/wp-json\/wp\/v2\/comments?post=309"}],"version-history":[{"count":5,"href":"https:\/\/www.odq.qc.ca\/en\/wp-json\/wp\/v2\/pages\/309\/revisions"}],"predecessor-version":[{"id":1773,"href":"https:\/\/www.odq.qc.ca\/en\/wp-json\/wp\/v2\/pages\/309\/revisions\/1773"}],"up":[{"embeddable":true,"href":"https:\/\/www.odq.qc.ca\/en\/wp-json\/wp\/v2\/pages\/305"}],"wp:attachment":[{"href":"https:\/\/www.odq.qc.ca\/en\/wp-json\/wp\/v2\/media?parent=309"}],"curies":[{"name":"wp","href":"https:\/\/api.w.org\/{rel}","templated":true}]}}