{"id":328,"date":"2022-08-02T16:07:48","date_gmt":"2022-08-02T20:07:48","guid":{"rendered":"https:\/\/www.odq.qc.ca\/?page_id=328"},"modified":"2026-01-13T11:52:38","modified_gmt":"2026-01-13T15:52:38","slug":"prix-et-distinctions","status":"publish","type":"page","link":"https:\/\/www.odq.qc.ca\/en\/lordre\/prix-et-distinctions\/","title":{"rendered":"Prix et distinctions"},"content":{"rendered":"\n<div class=\"wp-block-media-text has-media-on-the-right is-stacked-on-mobile\"><div class=\"wp-block-media-text__content\">\n<p class=\"has-large-font-size\">Devenue une tradition annuelle, la c\u00e9r\u00e9monie de remise de prix de reconnaissance est un moment privil\u00e9gi\u00e9 pour souligner le travail des dentistes. L\u2019Ordre est fier de mettre en lumi\u00e8re les r\u00e9alisations de nos dentistes qui exercent avec passion.<br><br>D\u00e9couvrez comment soumettre la candidature de l\u2019un de vos pairs dans l\u2019une des trois cat\u00e9gories.<\/p>\n<\/div><figure class=\"wp-block-media-text__media\"><img decoding=\"async\" width=\"1024\" height=\"413\" src=\"https:\/\/www.odq.qc.ca\/wp-content\/uploads\/2026\/01\/Ceremonie_ODQ_2025_1400X565-1024x413.jpg\" alt=\"\" class=\"wp-image-12000 size-full\" srcset=\"https:\/\/www.odq.qc.ca\/wp-content\/uploads\/2026\/01\/Ceremonie_ODQ_2025_1400X565-1024x413.jpg 1024w, https:\/\/www.odq.qc.ca\/wp-content\/uploads\/2026\/01\/Ceremonie_ODQ_2025_1400X565-300x121.jpg 300w, https:\/\/www.odq.qc.ca\/wp-content\/uploads\/2026\/01\/Ceremonie_ODQ_2025_1400X565-768x310.jpg 768w, https:\/\/www.odq.qc.ca\/wp-content\/uploads\/2026\/01\/Ceremonie_ODQ_2025_1400X565.jpg 1400w\" sizes=\"(max-width: 1024px) 100vw, 1024px\" \/><\/figure><\/div>\n\n\n<div class=\" block-background theme-block theme-block--innerblock alignfull\"  \n style=&quot;background-color:;&quot; >\n    <span class=\"theme-block__label\">Section with background<\/span>\n  \n    \n\n<div class=\"cards-group theme-block alignfull cards-group--3-col\">\n    <span class=\"theme-block__label\">Cards<\/span>\n   \n      <span class=\"cards-group__instructions\">Leave empty for default content. Single cards can be manage directly in the pages it refers to<\/span>\n\n    \n<\/div>\n\n\n\n<\/div>\n\n                    \n","protected":false},"excerpt":{"rendered":"<p>Devenue une tradition annuelle, la c\u00e9r\u00e9monie de remise de prix de reconnaissance est un moment privil\u00e9gi\u00e9 pour souligner le travail des dentistes. L\u2019Ordre est fier de mettre en lumi\u00e8re les r\u00e9alisations de nos dentistes qui exercent avec passion. D\u00e9couvrez comment soumettre la candidature de l\u2019un de vos pairs dans l\u2019une des trois cat\u00e9gories.<\/p>\n","protected":false},"author":1,"featured_media":0,"parent":324,"menu_order":2,"comment_status":"closed","ping_status":"closed","template":"","meta":{"_acf_changed":false,"_relevanssi_hide_post":"","_relevanssi_hide_content":"","_relevanssi_pin_for_all":"","_relevanssi_pin_keywords":"","_relevanssi_unpin_keywords":"","_relevanssi_related_keywords":"","_relevanssi_related_include_ids":"","_relevanssi_related_exclude_ids":"","_relevanssi_related_no_append":"","_relevanssi_related_not_related":"","_relevanssi_related_posts":"1,37","_relevanssi_noindex_reason":"","sync_status":"","episode_type":"","audio_file":"","podmotor_file_id":"","podmotor_episode_id":"","castos_file_data":"","cover_image":"","cover_image_id":"","duration":"","filesize":"","filesize_raw":"","date_recorded":"","explicit":"","block":"","wpo365_audiences":[],"wpo365_private":false,"footnotes":""},"class_list":["post-328","page","type-page","status-publish","hentry"],"acf":[],"_links":{"self":[{"href":"https:\/\/www.odq.qc.ca\/en\/wp-json\/wp\/v2\/pages\/328","targetHints":{"allow":["GET"]}}],"collection":[{"href":"https:\/\/www.odq.qc.ca\/en\/wp-json\/wp\/v2\/pages"}],"about":[{"href":"https:\/\/www.odq.qc.ca\/en\/wp-json\/wp\/v2\/types\/page"}],"author":[{"embeddable":true,"href":"https:\/\/www.odq.qc.ca\/en\/wp-json\/wp\/v2\/users\/1"}],"replies":[{"embeddable":true,"href":"https:\/\/www.odq.qc.ca\/en\/wp-json\/wp\/v2\/comments?post=328"}],"version-history":[{"count":8,"href":"https:\/\/www.odq.qc.ca\/en\/wp-json\/wp\/v2\/pages\/328\/revisions"}],"predecessor-version":[{"id":12023,"href":"https:\/\/www.odq.qc.ca\/en\/wp-json\/wp\/v2\/pages\/328\/revisions\/12023"}],"up":[{"embeddable":true,"href":"https:\/\/www.odq.qc.ca\/en\/wp-json\/wp\/v2\/pages\/324"}],"wp:attachment":[{"href":"https:\/\/www.odq.qc.ca\/en\/wp-json\/wp\/v2\/media?parent=328"}],"curies":[{"name":"wp","href":"https:\/\/api.w.org\/{rel}","templated":true}]}}