{"id":376,"date":"2022-08-02T16:39:26","date_gmt":"2022-08-02T20:39:26","guid":{"rendered":"https:\/\/www.odq.qc.ca\/?page_id=376"},"modified":"2026-04-20T13:14:40","modified_gmt":"2026-04-20T17:14:40","slug":"merite-du-ciq","status":"publish","type":"page","link":"https:\/\/www.odq.qc.ca\/en\/lordre\/prix-et-distinctions\/merite-du-ciq\/","title":{"rendered":"M\u00e9rite du CIQ"},"content":{"rendered":"\n<div class=\"wp-block-columns is-layout-flex wp-container-core-columns-is-layout-1 wp-block-columns-is-layout-flex\">\n<div class=\"wp-block-column is-layout-flow wp-block-column-is-layout-flow\" style=\"flex-basis:100%\">\n<div class=\"wp-block-media-text alignwide has-media-on-the-right is-stacked-on-mobile is-vertically-aligned-top\" style=\"grid-template-columns:auto 33%\"><div class=\"wp-block-media-text__content\">\n<p class=\"has-text-align-left has-large-font-size\">Le M\u00e9rite du Conseil interprofessionnel du Qu\u00e9bec (CIQ) est un prix d\u00e9cern\u00e9 \u00e0 un professionnel recommand\u00e9 par son ordre pour sa contribution significative \u00e0 sa profession ou au d\u00e9veloppement de son ordre professionnel. Le laur\u00e9at du M\u00e9rite du CIQ se d\u00e9marque \u00e9galement par sa rigueur, ses comp\u00e9tences, son int\u00e9grit\u00e9 et son attitude \u00e9thique.<\/p>\n<\/div><figure class=\"wp-block-media-text__media\"><img decoding=\"async\" width=\"557\" height=\"460\" src=\"https:\/\/www.odq.qc.ca\/wp-content\/uploads\/2023\/11\/Prix-Robert-Salois.png\" alt=\"\" class=\"wp-image-5656 size-full\" srcset=\"https:\/\/www.odq.qc.ca\/wp-content\/uploads\/2023\/11\/Prix-Robert-Salois.png 557w, https:\/\/www.odq.qc.ca\/wp-content\/uploads\/2023\/11\/Prix-Robert-Salois-300x248.png 300w\" sizes=\"(max-width: 557px) 100vw, 557px\" \/><\/figure><\/div>\n<\/div>\n<\/div>\n\n\n\n<div class=\"block-accordions-group theme-block theme-block--innerblock aligndefault\">\n    <span class=\"theme-block__label\">Accordions<\/span>\n  \n    \n<div class=\"block-accordion  theme-block theme-block--innerblock aligndefault\">\n    <span class=\"theme-block__label\">Accordion<\/span>\n    <h3 class=\"block-accordion__title\">R\u00e9cipiendaire 2025 &#8211; Dr Ren\u00e9 Lord<\/h3>\n    \n\n<figure class=\"wp-block-image alignright size-full is-resized\"><img decoding=\"async\" width=\"516\" height=\"477\" src=\"https:\/\/www.odq.qc.ca\/wp-content\/uploads\/2025\/08\/image-3.png\" alt=\"\" class=\"wp-image-11239\" style=\"width:281px;height:auto\" srcset=\"https:\/\/www.odq.qc.ca\/wp-content\/uploads\/2025\/08\/image-3.png 516w, https:\/\/www.odq.qc.ca\/wp-content\/uploads\/2025\/08\/image-3-300x277.png 300w\" sizes=\"(max-width: 516px) 100vw, 516px\" \/><\/figure>\n\n\n\n<p><strong>Un leader rassembleur et passionn\u00e9<\/strong><\/p>\n\n\n\n<p>Le prix M\u00e9rite du Conseil interprofessionnel du Qu\u00e9bec (CIQ) a \u00e9t\u00e9 attribu\u00e9 au Dr Ren\u00e9 Lord, dentiste engag\u00e9 et passionn\u00e9. Son implication au sein de l\u2019Ordre a \u00e9t\u00e9 exemplaire : administrateur, membre de divers comit\u00e9s et pilier de l\u2019organisation des Journ\u00e9es dentaires internationales du Qu\u00e9bec, il a su marquer ses coll\u00e8gues par son \u00e9nergie et son professionnalisme.<\/p>\n\n\n\n<p>Recommand\u00e9 par l\u2019Ordre, le Dr Lord s\u2019est distingu\u00e9 non seulement par son expertise, mais aussi par son esprit de collaboration et par sa volont\u00e9 constante d\u2019am\u00e9liorer la profession. Que ce soit dans l\u2019organisation d\u2019\u00e9v\u00e9nements, la gouvernance ou les projets collectifs, il a toujours \u00e9t\u00e9 pr\u00eat \u00e0 s\u2019investir pleinement. <\/p>\n\n\n\n<p>Ce prix est venu reconna\u00eetre l\u2019ampleur de son engagement et l\u2019impact positif qu\u2019il a eu sur la communaut\u00e9 professionnelle et le public. F\u00e9licitations au Dr Lord, un mod\u00e8le d\u2019implication et d\u2019enthousiasme!<\/p>\n\n\n<\/div>\n\n                    \n\n\n<\/div>\n\n\n\n<p><\/p>\n","protected":false},"excerpt":{"rendered":"<p>Le M\u00e9rite du Conseil interprofessionnel du Qu\u00e9bec (CIQ) est un prix d\u00e9cern\u00e9 \u00e0 un professionnel recommand\u00e9 par son ordre pour sa contribution significative \u00e0 sa profession ou au d\u00e9veloppement de son ordre professionnel. Le laur\u00e9at du M\u00e9rite du CIQ se d\u00e9marque \u00e9galement par sa rigueur, ses comp\u00e9tences, son int\u00e9grit\u00e9 et son attitude \u00e9thique.<\/p>\n","protected":false},"author":4,"featured_media":0,"parent":328,"menu_order":3,"comment_status":"closed","ping_status":"closed","template":"template-page-with-sidebar.php","meta":{"_acf_changed":false,"_relevanssi_hide_post":"","_relevanssi_hide_content":"","_relevanssi_pin_for_all":"","_relevanssi_pin_keywords":"","_relevanssi_unpin_keywords":"","_relevanssi_related_keywords":"","_relevanssi_related_include_ids":"","_relevanssi_related_exclude_ids":"","_relevanssi_related_no_append":"","_relevanssi_related_not_related":"","_relevanssi_related_posts":"1,37","_relevanssi_noindex_reason":"","sync_status":"","episode_type":"","audio_file":"","podmotor_file_id":"","podmotor_episode_id":"","castos_file_data":"","cover_image":"","cover_image_id":"","duration":"","filesize":"","filesize_raw":"","date_recorded":"","explicit":"","block":"","wpo365_audiences":[],"wpo365_private":false,"footnotes":""},"class_list":["post-376","page","type-page","status-publish","hentry"],"acf":[],"_links":{"self":[{"href":"https:\/\/www.odq.qc.ca\/en\/wp-json\/wp\/v2\/pages\/376","targetHints":{"allow":["GET"]}}],"collection":[{"href":"https:\/\/www.odq.qc.ca\/en\/wp-json\/wp\/v2\/pages"}],"about":[{"href":"https:\/\/www.odq.qc.ca\/en\/wp-json\/wp\/v2\/types\/page"}],"author":[{"embeddable":true,"href":"https:\/\/www.odq.qc.ca\/en\/wp-json\/wp\/v2\/users\/4"}],"replies":[{"embeddable":true,"href":"https:\/\/www.odq.qc.ca\/en\/wp-json\/wp\/v2\/comments?post=376"}],"version-history":[{"count":5,"href":"https:\/\/www.odq.qc.ca\/en\/wp-json\/wp\/v2\/pages\/376\/revisions"}],"predecessor-version":[{"id":11242,"href":"https:\/\/www.odq.qc.ca\/en\/wp-json\/wp\/v2\/pages\/376\/revisions\/11242"}],"up":[{"embeddable":true,"href":"https:\/\/www.odq.qc.ca\/en\/wp-json\/wp\/v2\/pages\/328"}],"wp:attachment":[{"href":"https:\/\/www.odq.qc.ca\/en\/wp-json\/wp\/v2\/media?parent=376"}],"curies":[{"name":"wp","href":"https:\/\/api.w.org\/{rel}","templated":true}]}}