{"id":5640,"date":"2023-11-14T12:45:16","date_gmt":"2023-11-14T16:45:16","guid":{"rendered":"https:\/\/www.odq.qc.ca\/?page_id=5640"},"modified":"2026-01-19T15:56:13","modified_gmt":"2026-01-19T19:56:13","slug":"prix-robert-salois","status":"publish","type":"page","link":"https:\/\/www.odq.qc.ca\/en\/lordre\/prix-et-distinctions\/prix-robert-salois\/","title":{"rendered":"Prix Robert-Salois"},"content":{"rendered":"\n<div class=\"wp-block-columns is-layout-flex wp-container-core-columns-is-layout-1 wp-block-columns-is-layout-flex\">\n<div class=\"wp-block-column is-layout-flow wp-block-column-is-layout-flow\" style=\"flex-basis:100%\">\n<div class=\"wp-block-media-text alignwide has-media-on-the-right is-stacked-on-mobile is-vertically-aligned-top\" style=\"grid-template-columns:auto 32%\"><div class=\"wp-block-media-text__content\">\n<p class=\"has-text-align-left has-large-font-size\">Le prix Robert-Salois a pour objectif d\u2019honorer <strong>un employ\u00e9<\/strong>, <strong>un membre de comit\u00e9 ou un b\u00e9n\u00e9vole<\/strong>, <strong>dentiste ou non<\/strong>, qui s\u2019est distingu\u00e9 par sa contribution exceptionnelle au sein de l\u2019Ordre des dentistes et par son engagement \u00e0 soutenir sa mission.<br><br>Son nom, le prix Robert-Salois, a \u00e9t\u00e9 choisi en l\u2019honneur de celui qui a notamment \u00e9t\u00e9 pr\u00e9sident de l\u2019Ordre des dentistes de 1994 \u00e0 2006, pr\u00e9sident de la Fondation de l\u2019Ordre des dentistes du Qu\u00e9bec et membre fondateur de la F\u00e9d\u00e9ration canadienne des organismes de r\u00e9glementation dentaire, qu\u2019il a pr\u00e9sid\u00e9e en 2006.<\/p>\n<\/div><figure class=\"wp-block-media-text__media\"><img decoding=\"async\" width=\"860\" height=\"860\" src=\"https:\/\/www.odq.qc.ca\/wp-content\/uploads\/2025\/12\/ORDRE-DES-DENTISTES-ROBERT-SALOIS.png\" alt=\"\" class=\"wp-image-11828 size-full\" srcset=\"https:\/\/www.odq.qc.ca\/wp-content\/uploads\/2025\/12\/ORDRE-DES-DENTISTES-ROBERT-SALOIS.png 860w, https:\/\/www.odq.qc.ca\/wp-content\/uploads\/2025\/12\/ORDRE-DES-DENTISTES-ROBERT-SALOIS-300x300.png 300w, https:\/\/www.odq.qc.ca\/wp-content\/uploads\/2025\/12\/ORDRE-DES-DENTISTES-ROBERT-SALOIS-150x150.png 150w, https:\/\/www.odq.qc.ca\/wp-content\/uploads\/2025\/12\/ORDRE-DES-DENTISTES-ROBERT-SALOIS-768x768.png 768w\" sizes=\"(max-width: 860px) 100vw, 860px\" \/><\/figure><\/div>\n<\/div>\n<\/div>\n\n\n\n<h3 class=\"wp-block-heading\"><strong>\u00c9dition 2026<\/strong><\/h3>\n\n\n\n<p><strong>Crit\u00e8res de s\u00e9lection<\/strong><\/p>\n\n\n\n<ul class=\"wp-block-list\">\n<li>D\u00e9montrer une contribution exceptionnelle \u00e0 l\u2019Ordre des dentistes, par des r\u00e9alisations ayant un impact concret et durable.<\/li>\n\n\n\n<li>S\u2019engager activement et de fa\u00e7on soutenue envers la mission de l\u2019Ordre et la protection du public.<\/li>\n\n\n\n<li>Exercer un leadership mobilisateur et collaboratif au sein de comit\u00e9s, \u00e9quipes ou projets.<\/li>\n\n\n\n<li>Contribuer au d\u00e9veloppement institutionnel ou r\u00e9glementaire de l\u2019Ordre par des initiatives structurantes ou innovantes.<\/li>\n\n\n\n<li>Rayonner au sein de la profession dentaire par une influence positive, une implication notable ou une contribution reconnue \u00e0 l\u2019avancement de la profession.<\/li>\n<\/ul>\n\n\n\n<p><strong>Mise en candidature<\/strong><\/p>\n\n\n\n<ul class=\"wp-block-list\">\n<li><a href=\"https:\/\/www.odq.qc.ca\/wp-content\/uploads\/2025\/12\/ODQ-Prix-Robert-Salois.-7.0.pdf\" target=\"_blank\" rel=\"noreferrer noopener\">Formulaire de mise en candidature<\/a><\/li>\n\n\n\n<li>Lettre de pr\u00e9sentation<\/li>\n\n\n\n<li>Curriculum vitae du candidat<\/li>\n<\/ul>\n\n\n\n<p><strong>P\u00e9riode de candidature <\/strong><br>Du 19 d\u00e9cembre 2025 au 9 mars 2026, vous devez soumettre le dossier complet \u00e0 <strong>communications@odq.qc.ca<\/strong>. <br><br><strong>Processus de s\u00e9lection<br><\/strong>Un comit\u00e9 examine toutes les candidatures et formule une recommandation aux administrateurs de l\u2019Ordre des dentistes du Qu\u00e9bec.<\/p>\n\n\n<!--presto-player:video_id=1--><figure class=\"wp-block-video presto-block-video  presto-provider-self-hosted\" style=\"--plyr-color-main: var(--presto-player-highlight-color, #283d57); --presto-player-logo-width: 150px; --presto-player-aspect-ratio: 16\/9;\">\n\t<presto-player \n\t\tpreset='{&quot;id&quot;:1,&quot;name&quot;:&quot;Default&quot;,&quot;slug&quot;:&quot;default&quot;,&quot;icon&quot;:&quot;format-video&quot;,&quot;skin&quot;:&quot;modern&quot;,&quot;play-large&quot;:true,&quot;rewind&quot;:true,&quot;play&quot;:true,&quot;fast-forward&quot;:true,&quot;progress&quot;:true,&quot;current-time&quot;:true,&quot;mute&quot;:true,&quot;volume&quot;:true,&quot;speed&quot;:false,&quot;pip&quot;:false,&quot;fullscreen&quot;:true,&quot;captions&quot;:false,&quot;reset_on_end&quot;:true,&quot;auto_hide&quot;:true,&quot;show_time_elapsed&quot;:false,&quot;captions_enabled&quot;:false,&quot;save_player_position&quot;:true,&quot;sticky_scroll&quot;:false,&quot;sticky_scroll_position&quot;:&quot;bottom right&quot;,&quot;on_video_end&quot;:&quot;select&quot;,&quot;play_video_viewport&quot;:false,&quot;hide_youtube&quot;:false,&quot;lazy_load_youtube&quot;:false,&quot;hide_logo&quot;:false,&quot;border_radius&quot;:0,&quot;caption_style&quot;:&quot;&quot;,&quot;caption_background&quot;:&quot;&quot;,&quot;is_locked&quot;:true,&quot;cta&quot;:[&quot;&quot;],&quot;watermark&quot;:[&quot;&quot;],&quot;search&quot;:[&quot;&quot;],&quot;email_collection&quot;:[&quot;&quot;],&quot;action_bar&quot;:[&quot;&quot;],&quot;created_by&quot;:4,&quot;created_at&quot;:&quot;2026-01-19 14:32:26&quot;,&quot;updated_at&quot;:&quot;2026-01-19 14:32:26&quot;,&quot;deleted_at&quot;:&quot;&quot;}'\n\t\tbranding='{&quot;logo&quot;:&quot;&quot;,&quot;color&quot;:&quot;#283d57&quot;,&quot;logo_width&quot;:150,&quot;player_css&quot;:&quot;&quot;}'\n\t\tchapters='[]'\n\t\toverlays='[]'\n\t\ttracks='[]'\n\t\tblock-attributes='{&quot;playsInline&quot;:true,&quot;autoplay&quot;:false,&quot;id&quot;:1,&quot;attachment_id&quot;:12075,&quot;src&quot;:&quot;https:\\\/\\\/www.odq.qc.ca\\\/wp-content\\\/uploads\\\/2026\\\/01\\\/prix-de-reconnaissance-vf.mp4&quot;,&quot;preset&quot;:1,&quot;ratio&quot;:&quot;16:9&quot;,&quot;title&quot;:&quot;prix-de-reconnaissance-vf&quot;}'\n\t\tanalytics=''\n\t\tautomations\t\tprovider='self-hosted'\n\t\t\t\tid=\"presto-player-1\"\n\t\tsrc=\"https:\/\/www.odq.qc.ca\/wp-content\/uploads\/2026\/01\/prix-de-reconnaissance-vf.mp4\"\n\t\tmedia-title=\"prix-de-reconnaissance-vf\"\n\t\tcss=\"\"\n\t\tclass=\"presto-video-id-1 presto-preset-id-1 skin-modern\"\n\t\tskin=\"modern\" \n\t\ticon-url=\"https:\/\/www.odq.qc.ca\/wp-content\/plugins\/presto-player\/img\/sprite.svg\" \n\t\tpreload=\"\" \n\t\tposter=\"\"\n\t\tyoutube=\"{&quot;noCookie&quot;:false,&quot;channelId&quot;:&quot;&quot;,&quot;show_count&quot;:false}\"\n\t\tprovider-video-id=\"\"\n\t\tvideo-id=\"1\"\n\t\t\t\tplaysinline \n\t\t\t\t>\n\t\t            <video controls preload=\"none\">\n            <source src=\"https:\/\/www.odq.qc.ca\/wp-content\/uploads\/2026\/01\/prix-de-reconnaissance-vf.mp4\" \/>\n        <\/video>\n    \n\n\t<\/presto-player>\n<\/figure>\n\n\n<div class=\"block-accordions-group theme-block theme-block--innerblock aligndefault\">\n    <span class=\"theme-block__label\">Accordions<\/span>\n  \n    \n<div class=\"block-accordion  theme-block theme-block--innerblock aligndefault\">\n    <span class=\"theme-block__label\">Accordion<\/span>\n    <h3 class=\"block-accordion__title\">R\u00e9cipiendaire 2025 &#8211; Alain Boisvert<\/h3>\n    \n\n<figure class=\"wp-block-image alignright size-full is-resized\"><img decoding=\"async\" width=\"510\" height=\"475\" src=\"https:\/\/www.odq.qc.ca\/wp-content\/uploads\/2025\/08\/image-2.png\" alt=\"\" class=\"wp-image-11236\" style=\"width:267px;height:auto\" srcset=\"https:\/\/www.odq.qc.ca\/wp-content\/uploads\/2025\/08\/image-2.png 510w, https:\/\/www.odq.qc.ca\/wp-content\/uploads\/2025\/08\/image-2-300x279.png 300w\" sizes=\"(max-width: 510px) 100vw, 510px\" \/><\/figure>\n\n\n\n<p><strong>Rigueur et d\u00e9vouement au service d\u2019une grande mission<\/strong><\/p>\n\n\n\n<p>Le prix Robert-Salois 2025 est remis \u00e0 Alain Boisvert, un homme de chiffres au grand c\u0153ur. Administrateur aguerri au sein de l\u2019Ordre, il a mis son expertise financi\u00e8re au service d\u2019une mission bien plus vaste : la protection du public. <\/p>\n\n\n\n<p>Sa carri\u00e8re impressionnante dans la fonction publique l\u2019avait d\u00e9j\u00e0 pr\u00e9par\u00e9 \u00e0 g\u00e9rer avec rigueur. Mais ce qui a marqu\u00e9 ses coll\u00e8gues, c\u2019est son d\u00e9sir sinc\u00e8re de changer les choses. Alain Boisvert ne s\u2019est pas limit\u00e9 \u00e0 \u00e9quilibrer les colonnes de chiffres : il a pleinement embrass\u00e9 la mission de l\u2019Ordre, s\u2019impliquant concr\u00e8tement pour que chaque d\u00e9cision ait un impact positif. <\/p>\n\n\n\n<p>Par sa contribution exceptionnelle, il a soutenu activement le travail des comit\u00e9s et des \u00e9quipes de l\u2019Ordre. Ce prix souligne son d\u00e9vouement, son int\u00e9grit\u00e9 et sa volont\u00e9 d\u2019am\u00e9liorer le syst\u00e8me pour tous. Merci, M. Boisvert, et toutes nos f\u00e9licitations!<\/p>\n\n\n<\/div>\n\n                    \n\n\n<div class=\"block-accordion  theme-block theme-block--innerblock aligndefault\">\n    <span class=\"theme-block__label\">Accordion<\/span>\n    <h3 class=\"block-accordion__title\">R\u00e9cipiendaire 2024 &#8211; Constance Lemieux<\/h3>\n    \n\n<p>En 2024, l\u2019Ordre a d\u00e9cern\u00e9 le prix Robert-Salois \u00e0 titre posthume \u00e0 Constance Lemieux, d\u00e9c\u00e9d\u00e9e l\u2019an dernier.<\/p>\n\n\n\n<p>Au cours de sa carri\u00e8re, M<sup>me<\/sup>&nbsp;Lemieux a \u00e9t\u00e9 haute dirigeante au Mouvement Desjardins et au Groupe financier La&nbsp;Capitale. Elle s\u2019est impliqu\u00e9e activement au sein du conseil d\u2019administration de l\u2019Ordre comme administratrice repr\u00e9sentante du public, de 2018 \u00e0 2022. <\/p>\n\n\n\n<p>Jusqu\u2019\u00e0 tout r\u00e9cemment, M<sup>me<\/sup>&nbsp;Lemieux \u00e9tait pr\u00e9sidente du comit\u00e9 d\u2019audit et de placements du Fonds d\u2019assurance-responsabilit\u00e9 professionnelle de l\u2019Ordre des dentistes du Qu\u00e9bec (Fonds). Ses vastes connaissances dans le domaine de l\u2019assurance ont d\u2019ailleurs \u00e9t\u00e9 essentielles lors de l\u2019int\u00e9gration des activit\u00e9s du Fonds \u00e0 celles de l\u2019Ordre des dentistes.<\/p>\n\n\n<\/div>\n\n                    \n\n\n<div class=\"block-accordion  theme-block theme-block--innerblock aligndefault\">\n    <span class=\"theme-block__label\">Accordion<\/span>\n    <h3 class=\"block-accordion__title\">R\u00e9cipiendaire 2023 &#8211; Dr Jacques Boileau<\/h3>\n    \n\n<figure class=\"wp-block-image size-large\"><img decoding=\"async\" width=\"1024\" height=\"683\" src=\"https:\/\/www.odq.qc.ca\/wp-content\/uploads\/2023\/11\/Corpo-ODQ-Evenement-4-novembre-2023-46-1024x683.jpg\" alt=\"\" class=\"wp-image-5654\" srcset=\"https:\/\/www.odq.qc.ca\/wp-content\/uploads\/2023\/11\/Corpo-ODQ-Evenement-4-novembre-2023-46-1024x683.jpg 1024w, https:\/\/www.odq.qc.ca\/wp-content\/uploads\/2023\/11\/Corpo-ODQ-Evenement-4-novembre-2023-46-300x200.jpg 300w, https:\/\/www.odq.qc.ca\/wp-content\/uploads\/2023\/11\/Corpo-ODQ-Evenement-4-novembre-2023-46-768x512.jpg 768w, https:\/\/www.odq.qc.ca\/wp-content\/uploads\/2023\/11\/Corpo-ODQ-Evenement-4-novembre-2023-46-1536x1024.jpg 1536w, https:\/\/www.odq.qc.ca\/wp-content\/uploads\/2023\/11\/Corpo-ODQ-Evenement-4-novembre-2023-46.jpg 1920w\" sizes=\"(max-width: 1024px) 100vw, 1024px\" \/><\/figure>\n\n\n\n<p>Le premier prix Robert-Salois a \u00e9t\u00e9 remis au D<sup>r<\/sup>&nbsp;Jacques Boileau, qui \u0153uvre dans le domaine de la m\u00e9decine dentaire depuis plus de cinq d\u00e9cennies. Membre de diverses organisations nationales et internationales, le D<sup>r<\/sup>&nbsp;Boileau a consacr\u00e9 une grande partie de sa carri\u00e8re aux domaines de l\u2019expertise m\u00e9dico-l\u00e9gale et de l\u2019assurance. On lui doit notamment de nombreuses chroniques et conf\u00e9rences dans lesquelles il a su communiquer ses conseils aux membres de l\u2019Ordre des dentistes qui ont ainsi pu mieux g\u00e9rer les risques associ\u00e9s \u00e0 leur pratique.<\/p>\n\n\n<\/div>\n\n                    \n\n\n<\/div>\n","protected":false},"excerpt":{"rendered":"<p>Le prix Robert-Salois a pour objectif d\u2019honorer un employ\u00e9, un membre de comit\u00e9 ou un b\u00e9n\u00e9vole, dentiste ou non, qui s\u2019est distingu\u00e9 par sa contribution exceptionnelle au sein de l\u2019Ordre des dentistes et par son engagement \u00e0 soutenir sa mission. Son nom, le prix Robert-Salois, a \u00e9t\u00e9 choisi en l\u2019honneur de celui qui a notamment&hellip;<\/p>\n","protected":false},"author":4,"featured_media":0,"parent":328,"menu_order":1,"comment_status":"closed","ping_status":"closed","template":"template-page-with-sidebar.php","meta":{"_acf_changed":false,"_relevanssi_hide_post":"","_relevanssi_hide_content":"","_relevanssi_pin_for_all":"","_relevanssi_pin_keywords":"","_relevanssi_unpin_keywords":"","_relevanssi_related_keywords":"","_relevanssi_related_include_ids":"","_relevanssi_related_exclude_ids":"","_relevanssi_related_no_append":"","_relevanssi_related_not_related":"","_relevanssi_related_posts":"1,37","_relevanssi_noindex_reason":"","sync_status":"","episode_type":"","audio_file":"","podmotor_file_id":"","podmotor_episode_id":"","castos_file_data":"","cover_image":"","cover_image_id":"","duration":"","filesize":"","filesize_raw":"","date_recorded":"","explicit":"","block":"","wpo365_audiences":[],"wpo365_private":false,"footnotes":""},"class_list":["post-5640","page","type-page","status-publish","hentry"],"acf":[],"_links":{"self":[{"href":"https:\/\/www.odq.qc.ca\/en\/wp-json\/wp\/v2\/pages\/5640","targetHints":{"allow":["GET"]}}],"collection":[{"href":"https:\/\/www.odq.qc.ca\/en\/wp-json\/wp\/v2\/pages"}],"about":[{"href":"https:\/\/www.odq.qc.ca\/en\/wp-json\/wp\/v2\/types\/page"}],"author":[{"embeddable":true,"href":"https:\/\/www.odq.qc.ca\/en\/wp-json\/wp\/v2\/users\/4"}],"replies":[{"embeddable":true,"href":"https:\/\/www.odq.qc.ca\/en\/wp-json\/wp\/v2\/comments?post=5640"}],"version-history":[{"count":7,"href":"https:\/\/www.odq.qc.ca\/en\/wp-json\/wp\/v2\/pages\/5640\/revisions"}],"predecessor-version":[{"id":12087,"href":"https:\/\/www.odq.qc.ca\/en\/wp-json\/wp\/v2\/pages\/5640\/revisions\/12087"}],"up":[{"embeddable":true,"href":"https:\/\/www.odq.qc.ca\/en\/wp-json\/wp\/v2\/pages\/328"}],"wp:attachment":[{"href":"https:\/\/www.odq.qc.ca\/en\/wp-json\/wp\/v2\/media?parent=5640"}],"curies":[{"name":"wp","href":"https:\/\/api.w.org\/{rel}","templated":true}]}}