{"id":6713,"date":"2024-05-22T10:58:45","date_gmt":"2024-05-22T14:58:45","guid":{"rendered":"https:\/\/www.odq.qc.ca\/?page_id=6713"},"modified":"2024-05-23T15:55:08","modified_gmt":"2024-05-23T19:55:08","slug":"prosthodontie-rappel-des-standards-de-pratique","status":"publish","type":"page","link":"https:\/\/www.odq.qc.ca\/en\/prosthodontie-rappel-des-standards-de-pratique\/","title":{"rendered":"Prosthodontie : rappel des standards de pratique"},"content":{"rendered":"\n<p class=\"has-large-font-size\">Durant les visites d\u2019inspection g\u00e9n\u00e9rale, l\u2019\u00e9quipe des services professionnels note souvent les m\u00eames points d\u2019am\u00e9lioration pouvant facilement \u00eatre rectifi\u00e9s.<br><br>Rappelons que le respect des normes en vigueur en prosthodontie contribue \u00e0 accro\u00eetre la protection du public et \u00e0 assurer une pratique exemplaire de la m\u00e9decine dentaire!<\/p>\n\n\n\n<div class=\"wp-block-group is-nowrap is-layout-flex wp-container-core-group-is-layout-1 wp-block-group-is-layout-flex\">\n<figure class=\"wp-block-image size-full is-resized\"><img decoding=\"async\" width=\"72\" height=\"72\" src=\"https:\/\/www.odq.qc.ca\/wp-content\/uploads\/2024\/03\/lightbulb2-e1711047596648.png\" alt=\"\" class=\"wp-image-6365\" style=\"object-fit:contain;width:50px;height:50px\"\/><\/figure>\n\n\n\n<h2 class=\"wp-block-heading is-style-small\"><strong>Saviez-vous que?<\/strong><\/h2>\n<\/div>\n\n\n\n<ul class=\"wp-block-list\">\n<li class=\"has-medium-font-size\"><strong>Plus de 35%<\/strong> des membres visit\u00e9s ne d\u00e9terminent pas la vitalit\u00e9 pulpaire avant de poser un diagnostic et d\u2019\u00e9tablir un plan de traitement aux fins de la restauration indirecte d\u2019une dent, notamment \u00e0 l\u2019aide d\u2019une restauration de type CFAO ou d\u2019une proth\u00e8se partielle fixe.<\/li>\n<\/ul>\n\n\n\n<ul class=\"wp-block-list\">\n<li><strong>Pr\u00e8s de 20%<\/strong> de nos inspections r\u00e9v\u00e8lent que le dentiste ne prend pas de radiographie r\u00e9trocoronaire post-cimentation au rendez-vous de mise en bouche d\u2019une proth\u00e8se partielle fixe afin d&#8217;en confirmer l&#8217;assise et l&#8217;absence de surplus de mat\u00e9riau de cimentation.<br><\/li>\n\n\n\n<li><strong>Pr\u00e8s de 20%<\/strong> des membres visit\u00e9s ne prennent pas de radiographie p\u00e9riapicale lors de l\u2019examen en vue d\u2019une restauration dento-port\u00e9e.<\/li>\n<\/ul>\n\n\n\n<p><\/p>\n\n\n\n<hr class=\"wp-block-separator has-alpha-channel-opacity\"\/>\n","protected":false},"excerpt":{"rendered":"<p>Durant les visites d\u2019inspection g\u00e9n\u00e9rale, l\u2019\u00e9quipe des services professionnels note souvent les m\u00eames points d\u2019am\u00e9lioration pouvant facilement \u00eatre rectifi\u00e9s. Rappelons que le respect des normes en vigueur en prosthodontie contribue \u00e0 accro\u00eetre la protection du public et \u00e0 assurer une pratique exemplaire de la m\u00e9decine dentaire! Saviez-vous que?<\/p>\n","protected":false},"author":4,"featured_media":0,"parent":0,"menu_order":0,"comment_status":"closed","ping_status":"closed","template":"","meta":{"_acf_changed":false,"_relevanssi_hide_post":"","_relevanssi_hide_content":"","_relevanssi_pin_for_all":"","_relevanssi_pin_keywords":"","_relevanssi_unpin_keywords":"","_relevanssi_related_keywords":"","_relevanssi_related_include_ids":"","_relevanssi_related_exclude_ids":"","_relevanssi_related_no_append":"","_relevanssi_related_not_related":"","_relevanssi_related_posts":"398,347,5340,244,381,372","_relevanssi_noindex_reason":"","sync_status":"","episode_type":"","audio_file":"","podmotor_file_id":"","podmotor_episode_id":"","castos_file_data":"","cover_image":"","cover_image_id":"","duration":"","filesize":"","filesize_raw":"","date_recorded":"","explicit":"","block":"","wpo365_audiences":[],"wpo365_private":false,"footnotes":""},"class_list":["post-6713","page","type-page","status-publish","hentry"],"acf":[],"_links":{"self":[{"href":"https:\/\/www.odq.qc.ca\/en\/wp-json\/wp\/v2\/pages\/6713","targetHints":{"allow":["GET"]}}],"collection":[{"href":"https:\/\/www.odq.qc.ca\/en\/wp-json\/wp\/v2\/pages"}],"about":[{"href":"https:\/\/www.odq.qc.ca\/en\/wp-json\/wp\/v2\/types\/page"}],"author":[{"embeddable":true,"href":"https:\/\/www.odq.qc.ca\/en\/wp-json\/wp\/v2\/users\/4"}],"replies":[{"embeddable":true,"href":"https:\/\/www.odq.qc.ca\/en\/wp-json\/wp\/v2\/comments?post=6713"}],"version-history":[{"count":5,"href":"https:\/\/www.odq.qc.ca\/en\/wp-json\/wp\/v2\/pages\/6713\/revisions"}],"predecessor-version":[{"id":6729,"href":"https:\/\/www.odq.qc.ca\/en\/wp-json\/wp\/v2\/pages\/6713\/revisions\/6729"}],"wp:attachment":[{"href":"https:\/\/www.odq.qc.ca\/en\/wp-json\/wp\/v2\/media?parent=6713"}],"curies":[{"name":"wp","href":"https:\/\/api.w.org\/{rel}","templated":true}]}}