{"id":8384,"date":"2022-07-15T15:57:47","date_gmt":"2022-07-15T19:57:47","guid":{"rendered":"https:\/\/www.odq.qc.ca\/nous-joindre\/"},"modified":"2026-02-25T13:40:36","modified_gmt":"2026-02-25T17:40:36","slug":"contact-us","status":"publish","type":"page","link":"https:\/\/www.odq.qc.ca\/en\/contact-us\/","title":{"rendered":"Contact us"},"content":{"rendered":"\n<div class=\"wp-block-columns alignwide is-layout-flex wp-container-core-columns-is-layout-1 wp-block-columns-is-layout-flex\">\n<div class=\"wp-block-column is-layout-flow wp-block-column-is-layout-flow\"><div class=\"icon_and_content theme-block theme-block--innerblock aligndefault align-center-center\">\n\n\n    <span class=\"theme-block__label\">Icon + content<\/span>\n    <div class=\" icon_and_content__icon\" >\n    <img decoding=\"async\" width=\"60\" height=\"60\" src=\"https:\/\/www.odq.qc.ca\/wp-content\/uploads\/2022\/12\/address.svg\" class=\"attachment-medium size-medium\" alt=\"\" \/>    \n    <\/div>\n\n    <div class=\"icon_and_content__content\">\n        \n\n<h4 class=\"wp-block-heading\">Address<\/h4>\n\n\n\n<p>800 Ren\u00e9-L\u00e9vesque Blvd. West, suite 1640<br>Montr\u00e9al, Quebec, H3B 1<strong style=\"font-weight:200\">X<\/strong>9<\/p>\n\n\n    <\/div>\n  <\/div>\n\n                    \n<\/div>\n\n\n\n<div class=\"wp-block-column is-layout-flow wp-block-column-is-layout-flow\"><div class=\"icon_and_content theme-block theme-block--innerblock aligndefault align-center-center\">\n\n\n    <span class=\"theme-block__label\">Icon + content<\/span>\n    <div class=\" icon_and_content__icon\" >\n    <img decoding=\"async\" width=\"60\" height=\"60\" src=\"https:\/\/www.odq.qc.ca\/wp-content\/uploads\/2022\/12\/phone.svg\" class=\"attachment-medium size-medium\" alt=\"\" \/>    \n    <\/div>\n\n    <div class=\"icon_and_content__content\">\n        \n\n<h4 class=\"wp-block-heading\">Phone<\/h4>\n\n\n\n<p>Telephone : <a href=\"tel:5148758511\">514 875-8511<\/a> <br>Toll-free : <a href=\"tel:18003614887\">1 800 361-4887<\/a><\/p>\n\n\n    <\/div>\n  <\/div>\n\n                    \n<\/div>\n\n\n\n<div class=\"wp-block-column is-layout-flow wp-block-column-is-layout-flow\"><div class=\"icon_and_content theme-block theme-block--innerblock aligndefault align-center-center\">\n\n\n    <span class=\"theme-block__label\">Icon + content<\/span>\n    <div class=\" icon_and_content__icon\" >\n    <img decoding=\"async\" width=\"60\" height=\"60\" src=\"https:\/\/www.odq.qc.ca\/wp-content\/uploads\/2022\/12\/open-hours.svg\" class=\"attachment-medium size-medium\" alt=\"\" \/>    \n    <\/div>\n\n    <div class=\"icon_and_content__content\">\n        \n\n<h4 class=\"wp-block-heading\">Opening hours<\/h4>\n\n\n\n<p>Monday to Friday from 8 a.m. to noon and from 1 p.m. to 4 p.m.<\/p>\n\n\n    <\/div>\n  <\/div>\n\n                    \n<\/div>\n<\/div>\n\n\n\n<hr class=\"wp-block-separator has-alpha-channel-opacity\"\/>\n\n\n<script type=\"text\/javascript\">var gform;gform||(document.addEventListener(\"gform_main_scripts_loaded\",function(){gform.scriptsLoaded=!0}),window.addEventListener(\"DOMContentLoaded\",function(){gform.domLoaded=!0}),gform={domLoaded:!1,scriptsLoaded:!1,initializeOnLoaded:function(o){gform.domLoaded&&gform.scriptsLoaded?o():!gform.domLoaded&&gform.scriptsLoaded?window.addEventListener(\"DOMContentLoaded\",o):document.addEventListener(\"gform_main_scripts_loaded\",o)},hooks:{action:{},filter:{}},addAction:function(o,n,r,t){gform.addHook(\"action\",o,n,r,t)},addFilter:function(o,n,r,t){gform.addHook(\"filter\",o,n,r,t)},doAction:function(o){gform.doHook(\"action\",o,arguments)},applyFilters:function(o){return gform.doHook(\"filter\",o,arguments)},removeAction:function(o,n){gform.removeHook(\"action\",o,n)},removeFilter:function(o,n,r){gform.removeHook(\"filter\",o,n,r)},addHook:function(o,n,r,t,i){null==gform.hooks[o][n]&&(gform.hooks[o][n]=[]);var e=gform.hooks[o][n];null==i&&(i=n+\"_\"+e.length),gform.hooks[o][n].push({tag:i,callable:r,priority:t=null==t?10:t})},doHook:function(n,o,r){var t;if(r=Array.prototype.slice.call(r,1),null!=gform.hooks[n][o]&&((o=gform.hooks[n][o]).sort(function(o,n){return o.priority-n.priority}),o.forEach(function(o){\"function\"!=typeof(t=o.callable)&&(t=window[t]),\"action\"==n?t.apply(null,r):r[0]=t.apply(null,r)})),\"filter\"==n)return r[0]},removeHook:function(o,n,t,i){var r;null!=gform.hooks[o][n]&&(r=(r=gform.hooks[o][n]).filter(function(o,n,r){return!!(null!=i&&i!=o.tag||null!=t&&t!=o.priority)}),gform.hooks[o][n]=r)}});<\/script>\n                <div class='gf_browser_gecko gform_wrapper gravity-theme' id='gform_wrapper_8' ><div id='gf_8' class='gform_anchor' tabindex='-1'><\/div>\n                        <div class='gform_heading'>\n                            <h2 class=\"gform_title\">Contact Us<\/h2>\n                            <span class='gform_description'><\/span>\n\t\t\t\t\t\t\t<p class='gform_required_legend'>&quot;<span class=\"gfield_required gfield_required_asterisk\">*<\/span>&quot; indicates required fields<\/p>\n                        <\/div><form method='post' enctype='multipart\/form-data'  id='gform_8'  action='\/en\/wp-json\/wp\/v2\/pages\/8384#gf_8' novalidate>\n                        <div class='gform_body gform-body'><div id='gform_fields_8' class='gform_fields top_label form_sublabel_below description_below'><div id=\"field_8_1\"  class=\"gfield gfield_contains_required field_sublabel_below field_description_below gfield_visibility_visible gfield--select\"  data-field-class=\"gfield--select\" data-js-reload=\"field_8_1\"><label class='gfield_label' for='input_8_1' >I am&#8230;<span class=\"gfield_required\"><span class=\"gfield_required gfield_required_asterisk\">*<\/span><\/span><\/label><div class='ginput_container ginput_container_select'><select name='input_1' id='input_8_1' class='medium gfield_select'    aria-required=\"true\" aria-invalid=\"false\" ><option value='' selected='selected' class='gf_placeholder'>Select<\/option><option value='A member of the general public' >A member of the general public<\/option><option value='A dentist' >A dentist<\/option><option value='A media representative' >A media representative<\/option><\/select><\/div><\/div><div id=\"field_8_3\"  class=\"gfield gfield--width-half gfield_contains_required field_sublabel_below field_description_below gfield_visibility_visible gfield--text\"  data-field-class=\"gfield--text\" data-js-reload=\"field_8_3\"><label class='gfield_label' for='input_8_3' >First Name<span class=\"gfield_required\"><span class=\"gfield_required gfield_required_asterisk\">*<\/span><\/span><\/label><div class='ginput_container ginput_container_text'><input name='input_3' id='input_8_3' type='text' value='' class='large'     aria-required=\"true\" aria-invalid=\"false\"   \/> <\/div><\/div><div id=\"field_8_4\"  class=\"gfield gfield--width-half gfield_contains_required field_sublabel_below field_description_below gfield_visibility_visible gfield--text\"  data-field-class=\"gfield--text\" data-js-reload=\"field_8_4\"><label class='gfield_label' for='input_8_4' >Last Name<span class=\"gfield_required\"><span class=\"gfield_required gfield_required_asterisk\">*<\/span><\/span><\/label><div class='ginput_container ginput_container_text'><input name='input_4' id='input_8_4' type='text' value='' class='large'     aria-required=\"true\" aria-invalid=\"false\"   \/> <\/div><\/div><div id=\"field_8_5\"  class=\"gfield gfield--width-half gfield_contains_required field_sublabel_below field_description_below gfield_visibility_visible gfield--email\"  data-field-class=\"gfield--email\" data-js-reload=\"field_8_5\"><label class='gfield_label' for='input_8_5' >Email Address<span class=\"gfield_required\"><span class=\"gfield_required gfield_required_asterisk\">*<\/span><\/span><\/label><div class='ginput_container ginput_container_email'>\n                            <input name='input_5' id='input_8_5' type='email' value='' class='large'    aria-required=\"true\" aria-invalid=\"false\"  \/>\n                        <\/div><\/div><div id=\"field_8_6\"  class=\"gfield gfield--width-half gfield_contains_required field_sublabel_below field_description_below gfield_visibility_visible gfield--phone\"  data-field-class=\"gfield--phone\" data-js-reload=\"field_8_6\"><label class='gfield_label' for='input_8_6' >Phone<span class=\"gfield_required\"><span class=\"gfield_required gfield_required_asterisk\">*<\/span><\/span><\/label><div class='ginput_container ginput_container_phone'><input name='input_6' id='input_8_6' type='tel' value='' class='large'   aria-required=\"true\" aria-invalid=\"false\"   \/><\/div><\/div><div id=\"field_8_7\"  class=\"gfield gfield_contains_required field_sublabel_below field_description_below gfield_visibility_visible gfield--text\"  data-field-class=\"gfield--text\" data-js-reload=\"field_8_7\"><label class='gfield_label' for='input_8_7' >Subject<span class=\"gfield_required\"><span class=\"gfield_required gfield_required_asterisk\">*<\/span><\/span><\/label><div class='ginput_container ginput_container_text'><input name='input_7' id='input_8_7' type='text' value='' class='medium'     aria-required=\"true\" aria-invalid=\"false\"   \/> <\/div><\/div><div id=\"field_8_8\"  class=\"gfield gfield_contains_required field_sublabel_below field_description_below gfield_visibility_visible gfield--textarea\"  data-field-class=\"gfield--textarea\" data-js-reload=\"field_8_8\"><label class='gfield_label' for='input_8_8' >Message<span class=\"gfield_required\"><span class=\"gfield_required gfield_required_asterisk\">*<\/span><\/span><\/label><div class='ginput_container ginput_container_textarea'><textarea name='input_8' id='input_8_8' class='textarea large'     aria-required=\"true\" aria-invalid=\"false\"   rows='10' cols='50'><\/textarea><\/div><\/div><div id=\"field_8_9\"  class=\"gfield field_sublabel_below field_description_below gfield_visibility_visible gfield--captcha\"  data-field-class=\"gfield--captcha\" data-js-reload=\"field_8_9\"><label class='gfield_label' for='input_8_9' >Captcha Validation<\/label><div id='input_8_9' class='ginput_container ginput_recaptcha' data-sitekey='6Lc9Li0kAAAAABwYU2dIcenxuE3DAylU7QBilY2A'  data-theme='light' data-tabindex='0'  data-badge=''><\/div><\/div><\/div><\/div>\n        <div class='gform_footer top_label'> <button type='submit' id='gform_submit_button_8' class='btn gform_button button' value='Submit'  onclick='if(window[\"gf_submitting_8\"]){return false;}  if( !jQuery(\"#gform_8\")[0].checkValidity || jQuery(\"#gform_8\")[0].checkValidity()){window[\"gf_submitting_8\"]=true;}  ' onkeypress='if( event.keyCode == 13 ){ if(window[\"gf_submitting_8\"]){return false;} if( !jQuery(\"#gform_8\")[0].checkValidity || jQuery(\"#gform_8\")[0].checkValidity()){window[\"gf_submitting_8\"]=true;}  jQuery(\"#gform_8\").trigger(\"submit\",[true]); }' ><span>Submit<\/span><\/button> \n            <input type='hidden' class='gform_hidden' name='is_submit_8' value='1' \/>\n            <input type='hidden' class='gform_hidden' name='gform_submit' value='8' \/>\n            \n            <input type='hidden' class='gform_hidden' name='gform_unique_id' value='' \/>\n            <input type='hidden' class='gform_hidden' name='state_8' value='WyJbXSIsImZmZDhlNTJkZTZiNGEwMGJjYzdhMWY2YTk5NGY2MmUzIl0=' \/>\n            <input type='hidden' class='gform_hidden' name='gform_target_page_number_8' id='gform_target_page_number_8' value='0' \/>\n            <input type='hidden' class='gform_hidden' name='gform_source_page_number_8' id='gform_source_page_number_8' value='1' \/>\n            <input type='hidden' name='gform_field_values' value='' \/>\n            \n        <\/div>\n                        <p style=\"display: none !important;\" class=\"akismet-fields-container\" data-prefix=\"ak_\"><label>&#916;<textarea name=\"ak_hp_textarea\" cols=\"45\" rows=\"8\" maxlength=\"100\"><\/textarea><\/label><input type=\"hidden\" id=\"ak_js_1\" name=\"ak_js\" value=\"218\"\/><script>document.getElementById( \"ak_js_1\" ).setAttribute( \"value\", ( new Date() ).getTime() );<\/script><\/p><\/form>\n                        <\/div>\n\n\n<hr class=\"wp-block-separator has-alpha-channel-opacity\"\/>\n\n\n\n<div class=\"wp-block-columns is-layout-flex wp-container-core-columns-is-layout-2 wp-block-columns-is-layout-flex\">\n<div class=\"wp-block-column is-layout-flow wp-block-column-is-layout-flow\">\n<h2 class=\"wp-block-heading is-style-no-margin-top\">To get to the ODQ<\/h2>\n<\/div>\n\n\n\n<div class=\"wp-block-column is-layout-flow wp-block-column-is-layout-flow\">\n<p><strong>Parking<\/strong><br>Spaces available for visitors at hourly and daily rates. Entrance on Ren\u00e9-L\u00e9vesque Blvd. West.<\/p>\n\n\n\n<p><strong>Public transport<\/strong><br>Bonaventure metro station, Square Victoria (nearby) or Gare Centrale (nearby).<\/p>\n<\/div>\n<\/div>\n\n\n<div class=\" block-background theme-block theme-block--innerblock alignfull wave wave--white\"  \n  >\n    <span class=\"theme-block__label\">Section with background<\/span>\n  \n    \n<section class=\"google-map theme-block alignwide\">\n    <div class=\"google-map__acf-map\" data-zoom=\"16\">\n        <div class=\"google-map__marker\" data-lat=\"45.5011342\" data-lng=\"-73.5676312\"><\/div>\n    <\/div>\n<\/section>\n<script src=\"https:\/\/maps.googleapis.com\/maps\/api\/js?language=en-US&amp;key=AIzaSyAYLWiZ_ZBlm8qcNSYqBuCD_BEs1-sTDHY\"><\/script>\n<script type=\"text\/javascript\">\n(function( $ ) {\n\n\/**\n * initMap\n *\n * Renders a Google Map onto the selected jQuery element\n *\n * @date    22\/10\/19\n * @since   5.8.6\n *\n * @param   jQuery $el The jQuery element.\n * @return  object The map instance.\n *\/\nfunction initMap( $el ) {\n\n    \/\/ Find marker elements within map.\n    var $markers = $el.find('.google-map__marker');\n\n    \/\/ Create gerenic map.\n    var mapArgs = {\n        zoom        : $el.data('zoom') || 9,\n        mapTypeId   : google.maps.MapTypeId.ROADMAP,\n        styles: [ { \"featureType\": \"all\", \"elementType\": \"geometry\", \"stylers\": [ { \"visibility\": \"on\" } ] }, { \"featureType\": \"all\", \"elementType\": \"labels\", \"stylers\": [ { \"visibility\": \"off\" } ] }, { \"featureType\": \"all\", \"elementType\": \"labels.text\", \"stylers\": [ { \"visibility\": \"on\" } ] }, { \"featureType\": \"all\", \"elementType\": \"labels.text.fill\", \"stylers\": [ { \"saturation\": \"0\" }, { \"color\": \"#777777\" }, { \"lightness\": \"0\" }, { \"gamma\": \"1\" }, { \"visibility\": \"on\" } ] }, { \"featureType\": \"all\", \"elementType\": \"labels.text.stroke\", \"stylers\": [ { \"visibility\": \"off\" }, { \"color\": \"#ffffff\" }, { \"lightness\": 16 } ] }, { \"featureType\": \"all\", \"elementType\": \"labels.icon\", \"stylers\": [ { \"visibility\": \"off\" } ] }, { \"featureType\": \"administrative\", \"elementType\": \"geometry.fill\", \"stylers\": [ { \"lightness\": 20 } ] }, { \"featureType\": \"administrative\", \"elementType\": \"geometry.stroke\", \"stylers\": [ { \"color\": \"#fefefe\" }, { \"lightness\": 17 }, { \"weight\": 1.2 } ] }, { \"featureType\": \"landscape\", \"elementType\": \"geometry\", \"stylers\": [ { \"color\": \"#e9f4ff\" }, { \"lightness\": \"0\" } ] }, { \"featureType\": \"poi\", \"elementType\": \"geometry\", \"stylers\": [ { \"color\": \"#a8e5d9\" }, { \"lightness\": 21 } ] }, { \"featureType\": \"poi.park\", \"elementType\": \"geometry\", \"stylers\": [ { \"color\": \"#a8e5d9\" }, { \"lightness\": 21 } ] }, { \"featureType\": \"road.highway\", \"elementType\": \"geometry.fill\", \"stylers\": [ { \"color\": \"#bedcf9\" }, { \"lightness\": 17 } ] }, { \"featureType\": \"road.highway\", \"elementType\": \"geometry.stroke\", \"stylers\": [ { \"color\": \"#bedcf9\" }, { \"lightness\": 29 }, { \"weight\": 0.2 } ] }, { \"featureType\": \"road.arterial\", \"elementType\": \"geometry\", \"stylers\": [ { \"color\": \"#ffffff\" }, { \"lightness\": 18 } ] }, { \"featureType\": \"road.local\", \"elementType\": \"geometry\", \"stylers\": [ { \"color\": \"#ffffff\" }, { \"lightness\": 16 } ] }, { \"featureType\": \"transit\", \"elementType\": \"geometry\", \"stylers\": [ { \"color\": \"#f2f2f2\" }, { \"lightness\": 19 } ] }, { \"featureType\": \"water\", \"elementType\": \"geometry\", \"stylers\": [ { \"color\": \"#bedcf9\" }, { \"lightness\": 17 } ] } ],\n    };\n    var map = new google.maps.Map( $el[0], mapArgs );\n\n    \/\/ Add markers.\n    map.markers = [];\n    $markers.each(function(){\n        initMarker( $(this), map );\n    });\n\n    \/\/ Center map based on markers.\n    centerMap( map );\n\n    \/\/ Return map instance.\n    return map;\n}\n\n\/**\n * initMarker\n *\n * Creates a marker for the given jQuery element and map.\n *\n * @date    22\/10\/19\n * @since   5.8.6\n *\n * @param   jQuery $el The jQuery element.\n * @param   object The map instance.\n * @return  object The marker instance.\n *\/\nfunction initMarker( $marker, map ) {\n\n    \/\/ Get position from marker.\n    var lat = $marker.data('lat');\n    var lng = $marker.data('lng');\n    var latLng = {\n        lat: parseFloat( lat ),\n        lng: parseFloat( lng )\n    };\n\n    \/\/ Create marker instance.\n    var marker = new google.maps.Marker({\n        position : latLng,\n        map: map,\n        icon: 'https:\/\/www.odq.qc.ca\/wp-content\/themes\/odq.qc.ca\/dist\/images\/pin.png',\n    });\n\n    \/\/ Append to reference for later use.\n    map.markers.push( marker );\n\n    \/\/ If marker contains HTML, add it to an infoWindow.\n    if( $marker.html() ){\n\n        \/\/ Create info window.\n        var infowindow = new google.maps.InfoWindow({\n            content: $marker.html()\n        });\n\n        \/\/ Show info window when marker is clicked.\n        google.maps.event.addListener(marker, 'click', function() {\n            infowindow.open( map, marker );\n        });\n    }\n}\n\n\/**\n * centerMap\n *\n * Centers the map showing all markers in view.\n *\n * @date    22\/10\/19\n * @since   5.8.6\n *\n * @param   object The map instance.\n * @return  void\n *\/\nfunction centerMap( map ) {\n\n    \/\/ Create map boundaries from all map markers.\n    var bounds = new google.maps.LatLngBounds();\n    map.markers.forEach(function( marker ){\n        bounds.extend({\n            lat: marker.position.lat(),\n            lng: marker.position.lng()\n        });\n    });\n\n    \/\/ Case: Single marker.\n    if( map.markers.length == 1 ){\n        map.setCenter( bounds.getCenter() );\n\n    \/\/ Case: Multiple markers.\n    } else{\n        map.fitBounds( bounds );\n    }\n}\n\n\/\/ Render maps on page load.\n$(document).ready(function(){\n    $('.google-map__acf-map').each(function(){\n        var map = initMap( $(this) );\n    });\n});\n\n})(jQuery);\n<\/script>\n\n\n\n<\/div>\n\n                    \n","protected":false},"excerpt":{"rendered":"<p>To get to the ODQ ParkingSpaces available for visitors at hourly and daily rates. Entrance on Ren\u00e9-L\u00e9vesque Blvd. West. Public transportBonaventure metro station, Square Victoria (nearby) or Gare Centrale (nearby).<\/p>\n","protected":false},"author":4,"featured_media":0,"parent":0,"menu_order":0,"comment_status":"closed","ping_status":"closed","template":"","meta":{"_acf_changed":false,"_relevanssi_hide_post":"","_relevanssi_hide_content":"","_relevanssi_pin_for_all":"","_relevanssi_pin_keywords":"","_relevanssi_unpin_keywords":"","_relevanssi_related_keywords":"","_relevanssi_related_include_ids":"","_relevanssi_related_exclude_ids":"","_relevanssi_related_no_append":"","_relevanssi_related_not_related":"","_relevanssi_related_posts":"1,37","_relevanssi_noindex_reason":"","sync_status":"","episode_type":"","audio_file":"","podmotor_file_id":"","podmotor_episode_id":"","castos_file_data":"","cover_image":"","cover_image_id":"","duration":"","filesize":"","filesize_raw":"","date_recorded":"","explicit":"","block":"","wpo365_audiences":[],"wpo365_private":false,"footnotes":""},"class_list":["post-8384","page","type-page","status-publish","hentry"],"acf":[],"_links":{"self":[{"href":"https:\/\/www.odq.qc.ca\/en\/wp-json\/wp\/v2\/pages\/8384","targetHints":{"allow":["GET"]}}],"collection":[{"href":"https:\/\/www.odq.qc.ca\/en\/wp-json\/wp\/v2\/pages"}],"about":[{"href":"https:\/\/www.odq.qc.ca\/en\/wp-json\/wp\/v2\/types\/page"}],"author":[{"embeddable":true,"href":"https:\/\/www.odq.qc.ca\/en\/wp-json\/wp\/v2\/users\/4"}],"replies":[{"embeddable":true,"href":"https:\/\/www.odq.qc.ca\/en\/wp-json\/wp\/v2\/comments?post=8384"}],"version-history":[{"count":3,"href":"https:\/\/www.odq.qc.ca\/en\/wp-json\/wp\/v2\/pages\/8384\/revisions"}],"predecessor-version":[{"id":8455,"href":"https:\/\/www.odq.qc.ca\/en\/wp-json\/wp\/v2\/pages\/8384\/revisions\/8455"}],"wp:attachment":[{"href":"https:\/\/www.odq.qc.ca\/en\/wp-json\/wp\/v2\/media?parent=8384"}],"curies":[{"name":"wp","href":"https:\/\/api.w.org\/{rel}","templated":true}]}}